{"id":4978,"date":"2020-03-06T12:31:29","date_gmt":"2020-03-06T09:31:29","guid":{"rendered":"https:\/\/revealing-project.eu\/objectives\/"},"modified":"2024-10-16T11:28:02","modified_gmt":"2024-10-16T08:28:02","slug":"objectives","status":"publish","type":"page","link":"https:\/\/revealing-project.eu\/de\/objectives\/","title":{"rendered":"Ziele"},"content":{"rendered":"<div data-colibri-id=\"4978-c1\" class=\"style-967 style-local-4978-c1 position-relative\">\n  <!---->\n  <div data-colibri-component=\"section\" data-colibri-id=\"4978-c2\" id=\"initial-content\" class=\"h-section h-section-global-spacing d-flex align-items-lg-center align-items-md-center align-items-center style-968 style-local-4978-c2 position-relative\">\n    <!---->\n    <!---->\n    <div class=\"h-section-grid-container h-section-boxed-container\">\n      <!---->\n      <div data-colibri-id=\"4978-c3\" class=\"h-row-container gutters-row-lg-2 gutters-row-md-2 gutters-row-0 gutters-row-v-lg-2 gutters-row-v-md-2 gutters-row-v-2 style-972 style-local-4978-c3 position-relative\">\n        <!---->\n        <div class=\"h-row justify-content-lg-center justify-content-md-center justify-content-center align-items-lg-stretch align-items-md-stretch align-items-stretch gutters-col-lg-2 gutters-col-md-2 gutters-col-0 gutters-col-v-lg-2 gutters-col-v-md-2 gutters-col-v-2\">\n          <!---->\n          <div class=\"h-column h-column-container d-flex h-col-lg-auto h-col-md-auto h-col-auto style-973-outer style-local-4978-c4-outer\">\n            <div data-colibri-id=\"4978-c4\" class=\"d-flex h-flex-basis h-column__inner h-px-lg-2 h-px-md-2 h-px-2 v-inner-lg-2 v-inner-md-2 v-inner-2 style-973 style-local-4978-c4 position-relative\">\n              <!---->\n              <!---->\n              <div class=\"w-100 h-y-container h-column__content h-column__v-align flex-basis-100 align-self-lg-start align-self-md-start align-self-start\">\n                <!---->\n                <div data-colibri-id=\"4978-c5\" class=\"h-lead h-text h-text-component style-976 style-local-4978-c5 position-relative h-element\">\n                  <!---->\n                  <!---->\n                  <div class=\"\">\n                    <p>Das Ziel von REVEALING war die Schaffung eines VRLE-Modells (Virtual Reality Learning Environment) unter Verwendung der VRChat-Plattform, das an die Lernbed\u00fcrfnisse der Hochschulen und damit ihrer Studierenden angepasst ist.<\/p>\n                    <p>Dies wirkt sich letztlich auf die Partneruniversit\u00e4ten und dar\u00fcber hinaus aus, und zwar nicht nur im Hinblick auf die technologischen M\u00f6glichkeiten in der Querschnittsforschung, sondern auch auf die tats\u00e4chliche Umsetzung.<\/p>\n                    <p>Der eigentliche Zweck der Erstellung eines VRLE-Modells besteht darin, dass es je nach den Bed\u00fcrfnissen der Endnutzer:innen an unterschiedliche Lernsituationen und -kontexte angepasst werden kann. Durch die Zusammenf\u00fchrung verschiedener\n                      Bildungsrealit\u00e4ten aus ganz Europa ist das Modell angepasst und in akademischen und nicht-akademischen Umgebungen erprobt, die noch immer erhebliche Unterschiede in Bezug auf Bildungsmethoden und kulturelle Aspekte aufweisen, wenn\n                      es um den einfachen, aber entscheidenden Prozess des Lernens geht.<\/p>\n                    <p>\n                      <br>\n                    <\/p>\n                    <p>REVEALING zielt darauf ab, die Nutzung von VR f\u00fcr eine gr\u00f6\u00dfere Anzahl von Aktivit\u00e4ten (d.h. \u00fcber die Nutzung als Freizeitwerkzeug hinaus) in der europ\u00e4ischen Bildungs- und Gesellschaftsstruktur zu etablieren. Die konkreten Ziele des\n                      Projekts sind:<\/p>\n                    <p>\u2022 Konzeption und Umsetzung von VRLEs, die auf die Bed\u00fcrfnisse von Hochschulen zugeschnitten sind.<\/p>\n                    <p>\u2022 Pilotprojekt f\u00fcr VR-f\u00e4higen Unterricht und Autor eines Handbuchs mit umfassenden Leitlinien zur effektiven Nutzung der VRLE-Funktionen f\u00fcr die Gestaltung von Universit\u00e4tsvorlesungen.<\/p>\n                    <p>\u2022 Einf\u00fchrung eines VRLE-Ressourcenverzeichnisses, um die Einbeziehung von VRLE-konformen Ressourcen in die Hochschulbildung zu erleichtern.<\/p>\n                    <p>\u2022 Weiterqualifizierung von Hochschullehrer:innen und Studierenden in der Nutzung innovativer technologiegest\u00fctzter Bildungsans\u00e4tze.<\/p>\n                    <p>\n                      <br>\n                    <\/p>\n                  <\/div>\n                <\/div>\n              <\/div>\n            <\/div>\n          <\/div>\n          <div class=\"h-column h-column-container d-flex h-col-lg h-col-md-auto h-col-auto style-974-outer style-local-4978-c6-outer\">\n            <div data-colibri-id=\"4978-c6\" class=\"d-flex h-flex-basis h-column__inner h-px-lg-2 h-px-md-2 h-px-2 v-inner-lg-2 v-inner-md-2 v-inner-2 style-974 style-local-4978-c6 position-relative\">\n              <!---->\n              <!---->\n              <div class=\"w-100 h-y-container h-column__content h-column__v-align flex-basis-100 align-self-lg-start align-self-md-start align-self-start\">\n                <!---->\n                <div data-colibri-id=\"4978-c7\" class=\"d-block style-975 style-local-4978-c7 position-relative h-element\">\n                  <!---->\n                  <div class=\"h-image__frame-container-outer\">\n                    <div class=\"h-image__frame-container\">\n                      <!---->\n                      <!---->\n                      <img decoding=\"async\" loading=\"lazy\" width=\"751\" height=\"935\" src=\"https:\/\/revealing-project.eu\/wp-content\/uploads\/2022\/06\/senior-african-woman-having-fun-playing-with-innov-2022-03-30-18-06-00-utc-1.jpg\" class=\"wp-image-2966 style-975-image style-local-4978-c7-image\" srcset=\"https:\/\/revealing-project.eu\/wp-content\/uploads\/2022\/06\/senior-african-woman-having-fun-playing-with-innov-2022-03-30-18-06-00-utc-1.jpg 751w, https:\/\/revealing-project.eu\/wp-content\/uploads\/2022\/06\/senior-african-woman-having-fun-playing-with-innov-2022-03-30-18-06-00-utc-1-600x747.jpg 600w, https:\/\/revealing-project.eu\/wp-content\/uploads\/2022\/06\/senior-african-woman-having-fun-playing-with-innov-2022-03-30-18-06-00-utc-1-241x300.jpg 241w\" sizes=\"(max-width: 751px) 100vw, 751px\" alt=\"\" \/>\n                      <div class=\"h-image__frame h-hide-lg h-hide-md h-hide-sm style-975-frameImage style-local-4978-c7-frameImage\"><\/div>\n                    <\/div>\n                  <\/div>\n                <\/div>\n              <\/div>\n            <\/div>\n          <\/div>\n        <\/div>\n      <\/div>\n    <\/div>\n  <\/div>\n  <div data-colibri-component=\"section\" data-colibri-id=\"4978-c11\" id=\"reusable-sections\" class=\"h-section h-section-global-spacing d-flex align-items-lg-center align-items-md-center align-items-center style-1067 style-local-4978-c11 position-relative\">\n    <!---->\n    <!---->\n    <div class=\"h-section-grid-container h-section-boxed-container\">\n      <!---->\n      <div data-colibri-id=\"4978-c12\" class=\"h-row-container gutters-row-lg-2 gutters-row-md-2 gutters-row-0 gutters-row-v-lg-2 gutters-row-v-md-2 gutters-row-v-2 style-1068 style-local-4978-c12 position-relative\">\n        <!---->\n        <div class=\"h-row justify-content-lg-center justify-content-md-center justify-content-center align-items-lg-stretch align-items-md-stretch align-items-stretch gutters-col-lg-2 gutters-col-md-2 gutters-col-0 gutters-col-v-lg-2 gutters-col-v-md-2 gutters-col-v-2\">\n          <!---->\n          <div class=\"h-column h-column-container d-flex h-col-lg-auto h-col-md-auto h-col-auto style-1069-outer style-local-4978-c13-outer\">\n            <div data-colibri-id=\"4978-c13\" class=\"d-flex h-flex-basis h-column__inner h-px-lg-2 h-px-md-2 h-px-2 v-inner-lg-2 v-inner-md-2 v-inner-2 style-1069 style-local-4978-c13 position-relative\">\n              <!---->\n              <!---->\n              <div class=\"w-100 h-y-container h-column__content h-column__v-align flex-basis-100 align-self-lg-start align-self-md-start align-self-start\">\n                <!---->\n                <div data-colibri-id=\"4978-c14\" class=\"d-block style-1070 style-local-4978-c14 position-relative h-element\">\n                  <!---->\n                  <div class=\"h-image__frame-container-outer\">\n                    <div class=\"h-image__frame-container\">\n                      <!---->\n                      <!---->\n                      <img decoding=\"async\" loading=\"lazy\" width=\"824\" height=\"176\" src=\"https:\/\/revealing-project.eu\/wp-content\/uploads\/2023\/07\/logosbeneficaireserasmusright_de_0.jpg\" class=\"wp-image-5059 style-1070-image style-local-4978-c14-image\" srcset=\"https:\/\/revealing-project.eu\/wp-content\/uploads\/2023\/07\/logosbeneficaireserasmusright_de_0.jpg 824w, https:\/\/revealing-project.eu\/wp-content\/uploads\/2023\/07\/logosbeneficaireserasmusright_de_0-300x64.jpg 300w, https:\/\/revealing-project.eu\/wp-content\/uploads\/2023\/07\/logosbeneficaireserasmusright_de_0-768x164.jpg 768w, https:\/\/revealing-project.eu\/wp-content\/uploads\/2023\/07\/logosbeneficaireserasmusright_de_0-600x128.jpg 600w\" sizes=\"(max-width: 824px) 100vw, 824px\" alt=\"\" \/>\n                      <div class=\"h-image__frame h-hide-lg h-hide-md h-hide-sm style-1070-frameImage style-local-4978-c14-frameImage\"><\/div>\n                    <\/div>\n                  <\/div>\n                <\/div>\n              <\/div>\n            <\/div>\n          <\/div>\n          <div class=\"h-column h-column-container d-flex h-col-lg-auto h-col-md-auto h-col-auto style-1071-outer style-local-4978-c15-outer\">\n            <div data-colibri-id=\"4978-c15\" class=\"d-flex h-flex-basis h-column__inner h-px-lg-2 h-px-md-2 h-px-2 v-inner-lg-2 v-inner-md-2 v-inner-2 style-1071 style-local-4978-c15 position-relative\">\n              <!---->\n              <!---->\n              <div class=\"w-100 h-y-container h-column__content h-column__v-align flex-basis-100 align-self-lg-start align-self-md-start align-self-start\">\n                <!---->\n                <div data-colibri-id=\"4978-c16\" class=\"h-text h-text-component style-1072 style-local-4978-c16 position-relative h-element\">\n                  <!---->\n                  <!---->\n                  <div class=\"\">\n                    <p>Die Unterst\u00fctzung der Europ\u00e4ischen Kommission f\u00fcr die Erstellung dieser Ver\u00f6ffentlichung stellt keine Billigung des Inhalts dar, welcher nur die Ansichten der Verfasser wiedergibt, und die Kommission kann nicht f\u00fcr eine etwaige Verwendung\n                      der darin enthaltenen Informationen haftbar gemacht werden.<\/p>\n                  <\/div>\n                <\/div>\n              <\/div>\n            <\/div>\n          <\/div>\n        <\/div>\n      <\/div>\n    <\/div>\n  <\/div>\n<\/div>","protected":false},"excerpt":{"rendered":"<p>Das Ziel von REVEALING war die Schaffung eines VRLE-Modells (Virtual Reality Learning Environment) unter Verwendung der VRChat-Plattform, das an die Lernbed\u00fcrfnisse der Hochschulen und damit ihrer Studierenden angepasst ist. Dies wirkt sich letztlich auf die Partneruniversit\u00e4ten und dar\u00fcber hinaus aus, und zwar nicht nur im Hinblick auf die technologischen M\u00f6glichkeiten in der Querschnittsforschung, sondern auch [&hellip;]<\/p>\n","protected":false},"author":1,"featured_media":0,"parent":0,"menu_order":0,"comment_status":"closed","ping_status":"closed","template":"page-templates\/full-width-page.php","meta":[],"_links":{"self":[{"href":"https:\/\/revealing-project.eu\/de\/wp-json\/wp\/v2\/pages\/4978"}],"collection":[{"href":"https:\/\/revealing-project.eu\/de\/wp-json\/wp\/v2\/pages"}],"about":[{"href":"https:\/\/revealing-project.eu\/de\/wp-json\/wp\/v2\/types\/page"}],"author":[{"embeddable":true,"href":"https:\/\/revealing-project.eu\/de\/wp-json\/wp\/v2\/users\/1"}],"replies":[{"embeddable":true,"href":"https:\/\/revealing-project.eu\/de\/wp-json\/wp\/v2\/comments?post=4978"}],"version-history":[{"count":6,"href":"https:\/\/revealing-project.eu\/de\/wp-json\/wp\/v2\/pages\/4978\/revisions"}],"predecessor-version":[{"id":6215,"href":"https:\/\/revealing-project.eu\/de\/wp-json\/wp\/v2\/pages\/4978\/revisions\/6215"}],"wp:attachment":[{"href":"https:\/\/revealing-project.eu\/de\/wp-json\/wp\/v2\/media?parent=4978"}],"curies":[{"name":"wp","href":"https:\/\/api.w.org\/{rel}","templated":true}]}}