{"id":4987,"date":"2020-03-06T12:31:39","date_gmt":"2020-03-06T09:31:39","guid":{"rendered":"https:\/\/revealing-project.eu\/target-groups\/"},"modified":"2024-10-15T17:09:43","modified_gmt":"2024-10-15T14:09:43","slug":"target-groups","status":"publish","type":"page","link":"https:\/\/revealing-project.eu\/de\/target-groups\/","title":{"rendered":"Zielgruppe"},"content":{"rendered":"\n<ol type=\"1\" start=\"1\">\n<li>Mitarbeiter:innen lokaler oder regionaler Universit\u00e4tsabteilungen, die an der Einf\u00fchrung von VR-gest\u00fctzten Unterrichtsr\u00e4umen interessiert sind.<\/li>\n\n\n\n<li>Technisches Personal von Universit\u00e4ten, die VR-gest\u00fctzte Labore oder andere IKT-basierte Simulationen betreiben.<\/li>\n\n\n\n<li>Lokale Bildungseinrichtungen (nicht nur Hochschulen, sondern auch Sekundarschulen und Berufsschulen), die an innovativen Lehrmethoden interessiert sind.<\/li>\n\n\n\n<li>Bildungsexpert:innen, Forscher:innen und Sozialwissenschaftler:innen, die sich f\u00fcr VR-basierte soziale Innovation interessieren.<\/li>\n\n\n\n<li>\u00d6ffentliche Einrichtungen, die an der Ausarbeitung bildungspolitischer Ma\u00dfnahmen beteiligt sind. Firmen und Unternehmen (vor allem KMU), die VRLE (Virtual Reality Learning Environment) f\u00fcr spezielle Unternehmensschulungen einsetzen m\u00f6chten.<\/li>\n<\/ol>\n\n\n<p>&nbsp;<\/p>\n<div class=\"h-row-container gutters-row-lg-2 gutters-row-md-2 gutters-row-0 gutters-row-v-lg-2 gutters-row-v-md-2 gutters-row-v-2 style-1011 style-local-472-c6 position-relative\" data-colibri-id=\"472-c6\">\n<div class=\"h-row justify-content-lg-center justify-content-md-center justify-content-center align-items-lg-stretch align-items-md-stretch align-items-stretch gutters-col-lg-2 gutters-col-md-2 gutters-col-0 gutters-col-v-lg-2 gutters-col-v-md-2 gutters-col-v-2\">\n<div class=\"h-column h-column-container d-flex h-col-lg-auto h-col-md-auto h-col-auto style-1012-outer style-local-472-c7-outer\">\n<div class=\"d-flex h-flex-basis h-column__inner h-px-lg-2 h-px-md-2 h-px-2 v-inner-lg-2 v-inner-md-2 v-inner-2 style-1012 style-local-472-c7 position-relative\" data-colibri-id=\"472-c7\">\n<p style=\"text-align: left;\">&nbsp;<\/p>\n<div class=\"w-100 h-y-container h-column__content h-column__v-align flex-basis-100 align-self-lg-start align-self-md-start align-self-start\">\n<div class=\"d-block style-1014 style-local-472-c9 position-relative h-element\" data-colibri-id=\"472-c9\">\n<div class=\"h-image__frame-container-outer\">\n<div class=\"h-image__frame-container\">\n<p style=\"text-align: left;\"><img decoding=\"async\" loading=\"lazy\" class=\"style-1014-image style-local-472-c9-image wp-image-2419 alignleft\" src=\"https:\/\/revealing-project.eu\/wp-content\/uploads\/2023\/07\/logosbeneficaireserasmusright_de_0.jpg\" alt=\"\" width=\"336\" height=\"72\"><span style=\"color: #46707f; font-family: 'Open Sans'; font-size: 16px;\">Die Unterst\u00fctzung der Europ\u00e4ischen Kommission f\u00fcr die Erstellung dieser Ver\u00f6ffentlichung stellt keine Billigung des Inhalts dar, welcher nur die Ansichten der Verfasser wiedergibt, und die Kommission kann nicht f\u00fcr eine etwaige Verwendung der darin enthaltenen Informationen haftbar gemacht werden.<\/span><\/p>\n<\/div>\n<\/div>\n<\/div>\n<\/div>\n<\/div>\n<\/div>\n<div class=\"h-column h-column-container d-flex h-col-lg-auto h-col-md-auto h-col-auto style-1013-outer style-local-472-c8-outer\">\n<div class=\"d-flex h-flex-basis h-column__inner h-px-lg-2 h-px-md-2 h-px-2 v-inner-lg-2 v-inner-md-2 v-inner-2 style-1013 style-local-472-c8 position-relative\" data-colibri-id=\"472-c8\">\n<div class=\"w-100 h-y-container h-column__content h-column__v-align flex-basis-100 align-self-lg-start align-self-md-start align-self-start\">\n<div class=\"h-text h-text-component style-1015 style-local-472-c10 position-relative h-element\" data-colibri-id=\"472-c10\">\n<div class=\"\">&nbsp;<\/div>\n<\/div>\n<\/div>\n<\/div>\n<\/div>\n<\/div>\n<\/div>","protected":false},"excerpt":{"rendered":"<p>&nbsp; &nbsp; Die Unterst\u00fctzung der Europ\u00e4ischen Kommission f\u00fcr die Erstellung dieser Ver\u00f6ffentlichung stellt keine Billigung des Inhalts dar, welcher nur die Ansichten der Verfasser wiedergibt, und die Kommission kann nicht f\u00fcr eine etwaige Verwendung der darin enthaltenen Informationen haftbar gemacht werden. &nbsp;<\/p>\n","protected":false},"author":1,"featured_media":0,"parent":0,"menu_order":0,"comment_status":"closed","ping_status":"closed","template":"","meta":[],"_links":{"self":[{"href":"https:\/\/revealing-project.eu\/de\/wp-json\/wp\/v2\/pages\/4987"}],"collection":[{"href":"https:\/\/revealing-project.eu\/de\/wp-json\/wp\/v2\/pages"}],"about":[{"href":"https:\/\/revealing-project.eu\/de\/wp-json\/wp\/v2\/types\/page"}],"author":[{"embeddable":true,"href":"https:\/\/revealing-project.eu\/de\/wp-json\/wp\/v2\/users\/1"}],"replies":[{"embeddable":true,"href":"https:\/\/revealing-project.eu\/de\/wp-json\/wp\/v2\/comments?post=4987"}],"version-history":[{"count":6,"href":"https:\/\/revealing-project.eu\/de\/wp-json\/wp\/v2\/pages\/4987\/revisions"}],"predecessor-version":[{"id":6211,"href":"https:\/\/revealing-project.eu\/de\/wp-json\/wp\/v2\/pages\/4987\/revisions\/6211"}],"wp:attachment":[{"href":"https:\/\/revealing-project.eu\/de\/wp-json\/wp\/v2\/media?parent=4987"}],"curies":[{"name":"wp","href":"https:\/\/api.w.org\/{rel}","templated":true}]}}