{"id":4991,"date":"2020-03-06T17:51:11","date_gmt":"2020-03-06T14:51:11","guid":{"rendered":"https:\/\/revealing-project.eu\/partners-2\/"},"modified":"2024-10-15T17:04:18","modified_gmt":"2024-10-15T14:04:18","slug":"partners-2","status":"publish","type":"page","link":"https:\/\/revealing-project.eu\/de\/partners-2\/","title":{"rendered":"Partner"},"content":{"rendered":"\n<figure class=\"wp-block-image size-full\"><img decoding=\"async\" loading=\"lazy\" width=\"300\" height=\"198\" src=\"https:\/\/revealing-project.eu\/wp-content\/uploads\/2022\/06\/cropped-cropped-1200px-Johannes_Gutenberg-Universitat_Mainz_logo.svg_-e1654073670453.png\" alt=\"\" class=\"wp-image-2829\"\/><\/figure>\n\n\n\n<h4 class=\"wp-block-heading\">JOHANNES GUTENBERG-UNIVERSITATMAINZ (Deutschland)<\/h4>\n\n\n\n<p>Die Johannes Gutenberg-Universit\u00e4t Mainz (JGU) ist mit rund 31.000 Studierenden aus \u00fcber 120 Nationen eine der gr\u00f6\u00dften und vielf\u00e4ltigsten Universit\u00e4ten in Deutschland. Die JGU vereint nahezu alle wissenschaftlichen Disziplinen unter einem Dach, darunter die Universit\u00e4tsmedizin Mainz, die Akademie der Bildenden K\u00fcnste Mainz, die Hochschule f\u00fcr Musik Mainz und den Fachbereich Translations-, Sprach- und Kulturwissenschaften in Germersheim. Rund 4.500 Wissenschaftlerinnen und Wissenschaftler, darunter etwa 570 Professorinnen und Professoren, lehren und forschen in \u00fcber 100 Instituten und Kliniken. Mit 76 Fachrichtungen und 289 Studieng\u00e4ngen bietet die JGU ein au\u00dferordentlich breites Studienangebot.<\/p>\n\n\n\n<p>Webseite:                       <a rel=\"noreferrer noopener\" aria-label=\"www.trebag.hu  (\u03b1\u03bd\u03bf\u03af\u03b3\u03b5\u03b9 \u03c3\u03b5 \u03bd\u03ad\u03b1 \u03ba\u03b1\u03c1\u03c4\u03ad\u03bb\u03b1)\" href=\"http:\/\/www.trebag.hu\" target=\"_blank\"><\/a>                       <a rel=\"noreferrer noopener\" href=\"https:\/\/www.uni-mainz.de\/\" target=\"_blank\">www.uni-mainz.de<\/a>                     <\/p>\n\n\n\n<p>Kontaktperson:&nbsp;Stefan Aufenang                       <br>Email:&nbsp;                       <a rel=\"noreferrer noopener\" href=\"mailto:aufenang@uni-mainz.de\" target=\"_blank\">aufenang@uni-mainz.de<\/a>                       <br>Telefon:&nbsp;+49 6131 390<\/p>\n\n\n\n<hr class=\"wp-block-separator has-css-opacity is-style-wide\"\/>\n\n\n\n<figure class=\"wp-block-image size-full is-resized\"><img decoding=\"async\" loading=\"lazy\" src=\"https:\/\/revealing-project.eu\/wp-content\/uploads\/2022\/06\/cropped-panepistimio_aigaioy_-_02_vertical_greek_-_pantone_blue.png\" alt=\"\" class=\"wp-image-2828\" width=\"217\" height=\"162\" srcset=\"https:\/\/revealing-project.eu\/wp-content\/uploads\/2022\/06\/cropped-panepistimio_aigaioy_-_02_vertical_greek_-_pantone_blue.png 560w, https:\/\/revealing-project.eu\/wp-content\/uploads\/2022\/06\/cropped-panepistimio_aigaioy_-_02_vertical_greek_-_pantone_blue-300x224.png 300w\" sizes=\"(max-width: 217px) 100vw, 217px\" \/><\/figure>\n\n\n\n<h4 class=\"wp-block-heading\">PANEPISTIMIO AIGAIOU (Griechenland)<\/h4>\n\n\n\n<p>Die University of the Aegean (UAegean) wurde 1984 mit dem Ziel gegr\u00fcndet, innovative Ans\u00e4tze in der Hochschulbildung in Griechenland einzuf\u00fchren und die regionale Entwicklung zu f\u00f6rdern. Die Universit\u00e4t liegt auf 6 Inseln im \u00c4g\u00e4ischen Archipel und bietet ein einzigartiges nat\u00fcrliches, kulturelles und menschliches Umfeld f\u00fcr moderne Studien. In weniger als drei\u00dfig Jahren hat sie sich zu einer internationalen forschungsorientierten Universit\u00e4t entwickelt, die Bildungsprogramme in modernen interdisziplin\u00e4ren Themenbereichen wie Kulturinformatik, Produktdesign, Bildungsdesign, Mittelmeerstudien, Lebensmittel- und Ern\u00e4hrungswissenschaften, Umwelt und Kommunikationssysteme anbietet. Die UAegean erh\u00e4lt in Evaluierungen auf nationaler, europ\u00e4ischer und internationaler Ebene durchweg hervorragende Bewertungen. Im Jahr 2016 wurde die UAegean von der Hellenic Quality Assurance and Accreditation Agency (HQA) als die am besten bewertete Universit\u00e4t Griechenlands eingestuft. Die UAegean beteiligt sich an dem Projekt mit zwei Forschungsgruppen, die a) dem Fachbereich Produkt- und Systemdesign (School of Engineering) und b) dem Fachbereich Grundschulbildung (School of Humanities) angeh\u00f6ren.<\/p>\n\n\n\n<p>Webseite:                       <a rel=\"noreferrer noopener\" href=\"http:\/\/www.aegean.gr\" target=\"_blank\">www.aegean.gr<\/a>                     <\/p>\n\n\n\n<p>Kontaktperson:&nbsp;Damianos Gavalas                       <br>Email:&nbsp;                       <a href=\"mailto:dgavalas@aegean.gr\">dgavalas@aegean.gr<\/a>                       <br>Telefon:&nbsp;+30 22810 97136 <\/p>\n\n\n\n<hr class=\"wp-block-separator has-css-opacity is-style-wide\"\/>\n\n\n\n<figure class=\"wp-block-image size-full\"><img decoding=\"async\" loading=\"lazy\" width=\"216\" height=\"216\" src=\"https:\/\/revealing-project.eu\/wp-content\/uploads\/2022\/05\/cropped-IG_Logo_vertical_cor.jpg\" alt=\"\" class=\"wp-image-2809\" srcset=\"https:\/\/revealing-project.eu\/wp-content\/uploads\/2022\/05\/cropped-IG_Logo_vertical_cor.jpg 216w, https:\/\/revealing-project.eu\/wp-content\/uploads\/2022\/05\/cropped-IG_Logo_vertical_cor-100x100.jpg 100w, https:\/\/revealing-project.eu\/wp-content\/uploads\/2022\/05\/cropped-IG_Logo_vertical_cor-150x150.jpg 150w\" sizes=\"(max-width: 216px) 100vw, 216px\" \/><\/figure>\n\n\n\n<h4 class=\"wp-block-heading\">UNIVERSIDADE ABERTA (Portugal)<\/h4>\n\n\n\n<p>Die 1988 gegr\u00fcndete Universidade Aberta (UAb) ist die einzige \u00f6ffentliche Fernuniversit\u00e4t in Portugal. Aufgrund ihrer Zielsetzung nutzt die UAb in ihrer Lehrt\u00e4tigkeit umfassend die fortschrittlichsten Technologien und Methoden des Fernunterrichts, ohne geografische Grenzen oder physische Barrieren, und legt besonderen Wert auf die Verbreitung der portugiesischen Sprache und Kultur im lusophonen Raum (Migrantengemeinschaften und portugiesischsprachige L\u00e4nder). <\/p>\n\n\n\n<p>In diesem Zusammenhang bietet die UAb \u00fcberall auf der Welt Hochschulbildung (Grund-, Master- und Doktoratsabschl\u00fcsse) und Studienprogramme f\u00fcr lebenslanges Lernen an. Seit 2008 werden alle Programme im E-Learning-Modus unterrichtet. In diesem Jahr wurde die UAb durch die Anerkennung ihres exklusiven virtuellen p\u00e4dagogischen Modells zu einer europ\u00e4ischen Referenzinstitution im Bereich des fortgeschrittenen E-Learning und des Online-Lernens.<\/p>\n\n\n\n<p>Webseite:                       <a rel=\"noreferrer noopener\" href=\"http:\/\/www.portal.uab.pt\" target=\"_blank\">www.<\/a>                       <a href=\"https:\/\/portal.uab.pt\/\">portal.uab.pt<\/a>                     <\/p>\n\n\n\n<p>Kontaktperson: Leonel Morgado                       <br>Email:&nbsp;                       <a href=\"Leonel.Morgado@uab.pt\">Leonel.Morgado@uab.pt<\/a>                       <br>Telefon:&nbsp;+351 300 001 590<\/p>\n\n\n\n<hr class=\"wp-block-separator has-css-opacity is-style-wide\"\/>\n\n\n\n<figure class=\"wp-block-image size-full is-resized\"><img decoding=\"async\" loading=\"lazy\" src=\"https:\/\/revealing-project.eu\/wp-content\/uploads\/2022\/06\/cropped-cropped-20106496_1159484877490348_4484203315103087561_n.jpg\" alt=\"\" class=\"wp-image-2832\" width=\"250\" height=\"129\" srcset=\"https:\/\/revealing-project.eu\/wp-content\/uploads\/2022\/06\/cropped-cropped-20106496_1159484877490348_4484203315103087561_n.jpg 800w, https:\/\/revealing-project.eu\/wp-content\/uploads\/2022\/06\/cropped-cropped-20106496_1159484877490348_4484203315103087561_n-600x311.jpg 600w, https:\/\/revealing-project.eu\/wp-content\/uploads\/2022\/06\/cropped-cropped-20106496_1159484877490348_4484203315103087561_n-300x156.jpg 300w, https:\/\/revealing-project.eu\/wp-content\/uploads\/2022\/06\/cropped-cropped-20106496_1159484877490348_4484203315103087561_n-768x398.jpg 768w\" sizes=\"(max-width: 250px) 100vw, 250px\" \/><\/figure>\n\n\n\n<h4 class=\"wp-block-heading\">European Association of Erasmus Coordinators (Zypern)<\/h4>\n\n\n\n<p>Der Europ\u00e4ische Verband der Erasmus-Koordinatoren (EAEC) wurde 2004 gegr\u00fcndet und w\u00e4hrend der ERACON 2005 (Erasmus-Koordinatorenkonferenz und GO-Exchange Education Fair 2005) in Zypern offiziell ins Leben gerufen. <\/p>\n\n\n\n<p>Es handelt sich um eine Mitgliedervereinigung mit mehr als 80 institutionellen Mitgliedern aus EU- und Nicht-EU-L\u00e4ndern. Sie f\u00f6rdert die Mobilit\u00e4t von Studierenden, akademischem und administrativem Personal im Gebiet der Europ\u00e4ischen Union und dar\u00fcber hinaus und unterst\u00fctzt den Prozess der Anhebung der Bildungs- und Qualit\u00e4tsstandards im Gebiet der Europ\u00e4ischen Union.<\/p>\n\n\n\n<p>Webseite:                       <a rel=\"noreferrer noopener\" href=\"http:\/\/www.eaccnet.com\" target=\"_blank\"><\/a>                       <a href=\"http:\/\/www.eaccnet.com\/\">www.eaccnet.com<\/a>                     <\/p>\n\n\n\n<p>Kontaktperson:&nbsp;Gregory Makrides                       <br>Email:&nbsp;                       <a rel=\"noreferrer noopener\" href=\"mailto:info@eaecnet.com\" data-type=\"URL\" target=\"_blank\">jcsgoncalves@gmail.com<\/a>                       <br>Telefon:&nbsp;+357 22283600<\/p>\n\n\n\n<hr class=\"wp-block-separator has-css-opacity is-style-wide\"\/>\n\n\n\n<figure class=\"wp-block-image size-full\"><img decoding=\"async\" loading=\"lazy\" width=\"429\" height=\"220\" src=\"https:\/\/revealing-project.eu\/wp-content\/uploads\/2022\/06\/cropped-IDEC-LOGO-TURQUISE.jpg\" alt=\"\" class=\"wp-image-3990\" srcset=\"https:\/\/revealing-project.eu\/wp-content\/uploads\/2022\/06\/cropped-IDEC-LOGO-TURQUISE.jpg 429w, https:\/\/revealing-project.eu\/wp-content\/uploads\/2022\/06\/cropped-IDEC-LOGO-TURQUISE-300x154.jpg 300w\" sizes=\"(max-width: 429px) 100vw, 429px\" \/><\/figure>\n\n\n\n<h4 class=\"wp-block-heading\">IDEC (Griechenland)<\/h4>\n\n\n\n<p>IDEC ist ein Schulungs- und Beratungsunternehmen mit Sitz in Pir\u00e4us, Griechenland. IDEC besch\u00e4ftigt sich mit dem Thema Qualit\u00e4tssicherung in der Ausbildung und hat die Projekte QMS und BEQUAL koordiniert, die sich mit Qualit\u00e4t in der Ausbildung befassen. Dar\u00fcber hinaus verf\u00fcgt IDEC \u00fcber Beratungserfahrung bei der Entwicklung von Qualit\u00e4tsmanagementsystemen in griechischen Ausbildungszentren.<\/p>\n\n\n\n<p>Webseite:                       <a rel=\"noreferrer noopener\" aria-label=\"www.idec.gr (\u03b1\u03bd\u03bf\u03af\u03b3\u03b5\u03b9 \u03c3\u03b5 \u03bd\u03ad\u03b1 \u03ba\u03b1\u03c1\u03c4\u03ad\u03bb\u03b1)\" href=\"http:\/\/www.idec.gr\" target=\"_blank\">www.idec.gr<\/a>                     <\/p>\n\n\n\n<p>Kontaktperson: Xenia Chronopoulou                       <br>Email:                       <a rel=\"noreferrer noopener\" aria-label=\"xenia@idec.gr (\u03b1\u03bd\u03bf\u03af\u03b3\u03b5\u03b9 \u03c3\u03b5 \u03bd\u03ad\u03b1 \u03ba\u03b1\u03c1\u03c4\u03ad\u03bb\u03b1)\" href=\"mailto:xenia@idec.gr\" target=\"_blank\">xenia@idec.gr<\/a>                       <br>Telefon:&nbsp;+302104286227 <\/p>\n\n\n\n<hr class=\"wp-block-separator has-css-opacity is-style-wide\"\/>\n\n\n\n<figure class=\"wp-block-image size-full is-resized\"><img decoding=\"async\" loading=\"lazy\" src=\"https:\/\/revealing-project.eu\/wp-content\/uploads\/2022\/06\/logoUP_en.jpg\" alt=\"\" class=\"wp-image-3084\" width=\"206\" height=\"206\" srcset=\"https:\/\/revealing-project.eu\/wp-content\/uploads\/2022\/06\/logoUP_en.jpg 620w, https:\/\/revealing-project.eu\/wp-content\/uploads\/2022\/06\/logoUP_en-300x300.jpg 300w, https:\/\/revealing-project.eu\/wp-content\/uploads\/2022\/06\/logoUP_en-100x100.jpg 100w, https:\/\/revealing-project.eu\/wp-content\/uploads\/2022\/06\/logoUP_en-600x600.jpg 600w, https:\/\/revealing-project.eu\/wp-content\/uploads\/2022\/06\/logoUP_en-150x150.jpg 150w\" sizes=\"(max-width: 206px) 100vw, 206px\" \/><\/figure>\n\n\n\n<h4 class=\"wp-block-heading\"><strong>Pedagogical University of Cracow<\/strong> (Polen)<\/h4>\n\n\n\n<p>Die P\u00e4dagogische Universit\u00e4t Krakau ist die beste p\u00e4dagogische Hochschuleinrichtung in Polen und gleichzeitig die \u00e4lteste p\u00e4dagogische Universit\u00e4t in Polen. Sie ist eine moderne und elit\u00e4re Universit\u00e4t. Sie funktioniert nach dem Modell der integrierten Bildung, d.h. theoretisches Wissen wird mit praktischen F\u00e4higkeiten kombiniert. Sie ist das wichtigste und st\u00e4rkste Zentrum der Wissenschafts- und Forschungseinrichtungen des nationalen Bildungssystems.<br>Die Aufgabe der P\u00e4dagogischen Hochschule wird von professionellen und erfahrenen Lehrkr\u00e4ften wahrgenommen, die moderne und aktuelle Lehrinhalte anwenden. Sie kommt auch in der wissenschaftlichen Forschung zum Ausdruck, die neue Bereiche der wissenschaftlichen Entwicklung aufzeigt, Wissen vermittelt und die Pers\u00f6nlichkeit der Absolventen entwickelt und bereichert, indem sie sie nach den h\u00f6chsten europ\u00e4ischen Standards ausbildet.<\/p>\n\n\n\n<p>Die Universit\u00e4t versammelt Gelehrte verschiedener wissenschaftlicher Bereiche und Disziplinen, wobei der p\u00e4dagogischen, psychologischen und methodologischen Forschung besondere Aufmerksamkeit gewidmet wird. Seit Beginn ihrer T\u00e4tigkeit hat sie ihr Bildungsangebot st\u00e4ndig erweitert und attraktiver gestaltet, um den Interessen und Bed\u00fcrfnissen der jungen Menschen und den aktuellen Anforderungen der Gesellschaft gerecht zu werden. Derzeit bietet sie Studien in sieben Fakult\u00e4ten an (Geisteswissenschaften, Philologie, P\u00e4dagogik, Geographie und Biologie, Mathematik, Physik und technische Wissenschaften, Kunst und Politikwissenschaft).<\/p>\n\n\n\n<p>Die Universit\u00e4t entwickelt systematisch eine umfassende Forschung, die die grundlegende Aufgabe der Hochschulbildung ist, um den Bed\u00fcrfnissen der Gegenwart gerecht zu werden und die Studenten auf hohem Niveau auszubilden. Die st\u00e4ndige Entwicklung des wissenschaftlichen Umfelds der Universit\u00e4t, die Innovation, das hohe Niveau und die Verbreitung der durchgef\u00fchrten Forschung bestimmen die St\u00e4rke der Universit\u00e4t und erm\u00f6glichen es ihr, in der Welt der Wissenschaft zu konkurrieren, und sichern ihr eine bedeutende Position in der nationalen und internationalen Szene. Die P\u00e4dagogische Universit\u00e4t Krakau unterst\u00fctzt die harmonische Entwicklung der einzelnen Disziplinen, bevorzugt aber innovative interdisziplin\u00e4re Projekte, die auch in Zusammenarbeit mit ausl\u00e4ndischen Partnern durchgef\u00fchrt werden. Die Universit\u00e4t baut ihre Kontakte zu ausl\u00e4ndischen Forschungszentren weiter aus und f\u00f6rdert innovative Forschung in internationalen Forschungsteams, u.a. zu zeitgen\u00f6ssischen Globalisierungsprozessen, nachhaltiger Entwicklung, Bildungsorganisation und -management. Gegenw\u00e4rtig f\u00fchrt die Universit\u00e4t Forschungsprojekte durch, die vom Nationalen Wissenschaftszentrum und dem Ministerium f\u00fcr Wissenschaft und Hochschulbildung finanziert werden und die in ihren satzungsgem\u00e4\u00dfen T\u00e4tigkeitsbereich fallen. Sie verf\u00fcgt auch \u00fcber umfangreiche Erfahrungen bei der Durchf\u00fchrung von Projekten, die von der EU kofinanziert werden. Die Universit\u00e4t arbeitet mit wissenschaftlichen Einrichtungen, Universit\u00e4ten und Unternehmen in gemeinsamen Projekten zusammen und f\u00fchrt ausgelagerte Dienstleistungen f\u00fcr Unternehmen durch. Sie organisiert Konferenzen und Symposien.<\/p>\n\n\n\n<p><\/p>\n\n\n\n<p>Webseite:                       <a rel=\"noreferrer noopener\" href=\"http:\/\/www.eaccnet.com\" target=\"_blank\"><\/a>                       <a rel=\"noreferrer noopener\" href=\"https:\/\/www.up.krakow.pl\/\" target=\"_blank\">https:\/\/www.up.krakow.pl\/<\/a>                     <\/p>\n\n\n\n<p>Kontaktperson:&nbsp;Natalia Ponomarova                   <br>Email:&nbsp;                       <a href=\"mailto:info@eaecnet.com\"><\/a>                       <a href=\"mailto:ponomna@gmail.com\">ponomna@gmail.com<\/a>                       <br>Telefon:&nbsp;+48 511 463 911<\/p>\n\n\n<p>&nbsp;<\/p>\n<div class=\"h-row-container gutters-row-lg-2 gutters-row-md-2 gutters-row-0 gutters-row-v-lg-2 gutters-row-v-md-2 gutters-row-v-2 style-1011 style-local-472-c6 position-relative\" data-colibri-id=\"472-c6\">\n<div class=\"h-row justify-content-lg-center justify-content-md-center justify-content-center align-items-lg-stretch align-items-md-stretch align-items-stretch gutters-col-lg-2 gutters-col-md-2 gutters-col-0 gutters-col-v-lg-2 gutters-col-v-md-2 gutters-col-v-2\">\n<div class=\"h-column h-column-container d-flex h-col-lg-auto h-col-md-auto h-col-auto style-1012-outer style-local-472-c7-outer\">\n<div class=\"d-flex h-flex-basis h-column__inner h-px-lg-2 h-px-md-2 h-px-2 v-inner-lg-2 v-inner-md-2 v-inner-2 style-1012 style-local-472-c7 position-relative\" data-colibri-id=\"472-c7\">\n<p style=\"text-align: left;\">&nbsp;<\/p>\n<div class=\"w-100 h-y-container h-column__content h-column__v-align flex-basis-100 align-self-lg-start align-self-md-start align-self-start\">\n<div class=\"d-block style-1014 style-local-472-c9 position-relative h-element\" data-colibri-id=\"472-c9\">\n<div class=\"h-image__frame-container-outer\">\n<div class=\"h-image__frame-container\">\n<p style=\"text-align: left;\"><img decoding=\"async\" loading=\"lazy\" class=\"style-1014-image style-local-472-c9-image wp-image-2419 alignleft\" src=\"https:\/\/revealing-project.eu\/wp-content\/uploads\/2023\/07\/logosbeneficaireserasmusright_de_0.jpg\" alt=\"\" width=\"336\" height=\"72\"><span style=\"color: #46707f; font-family: 'Open Sans'; font-size: 16px;\">Die Unterst\u00fctzung der Europ\u00e4ischen Kommission f\u00fcr die Erstellung dieser Ver\u00f6ffentlichung stellt keine Billigung des Inhalts dar, welcher nur die Ansichten der Verfasser wiedergibt, und die Kommission kann nicht f\u00fcr eine etwaige Verwendung der darin enthaltenen Informationen haftbar gemacht werden.<\/span><\/p>\n<\/div>\n<\/div>\n<\/div>\n<\/div>\n<\/div>\n<\/div>\n<div class=\"h-column h-column-container d-flex h-col-lg-auto h-col-md-auto h-col-auto style-1013-outer style-local-472-c8-outer\">\n<div class=\"d-flex h-flex-basis h-column__inner h-px-lg-2 h-px-md-2 h-px-2 v-inner-lg-2 v-inner-md-2 v-inner-2 style-1013 style-local-472-c8 position-relative\" data-colibri-id=\"472-c8\">\n<div class=\"w-100 h-y-container h-column__content h-column__v-align flex-basis-100 align-self-lg-start align-self-md-start align-self-start\">\n<div class=\"h-text h-text-component style-1015 style-local-472-c10 position-relative h-element\" data-colibri-id=\"472-c10\">\n<div class=\"\">&nbsp;<\/div>\n<\/div>\n<\/div>\n<\/div>\n<\/div>\n<\/div>\n<\/div>","protected":false},"excerpt":{"rendered":"<p>JOHANNES GUTENBERG-UNIVERSITATMAINZ (Deutschland) Die Johannes Gutenberg-Universit\u00e4t Mainz (JGU) ist mit rund 31.000 Studierenden aus \u00fcber 120 Nationen eine der gr\u00f6\u00dften und vielf\u00e4ltigsten Universit\u00e4ten in Deutschland. Die JGU vereint nahezu alle wissenschaftlichen Disziplinen unter einem Dach, darunter die Universit\u00e4tsmedizin Mainz, die Akademie der Bildenden K\u00fcnste Mainz, die Hochschule f\u00fcr Musik Mainz und den Fachbereich Translations-, Sprach- [&hellip;]<\/p>\n","protected":false},"author":1,"featured_media":0,"parent":0,"menu_order":0,"comment_status":"closed","ping_status":"closed","template":"","meta":[],"_links":{"self":[{"href":"https:\/\/revealing-project.eu\/de\/wp-json\/wp\/v2\/pages\/4991"}],"collection":[{"href":"https:\/\/revealing-project.eu\/de\/wp-json\/wp\/v2\/pages"}],"about":[{"href":"https:\/\/revealing-project.eu\/de\/wp-json\/wp\/v2\/types\/page"}],"author":[{"embeddable":true,"href":"https:\/\/revealing-project.eu\/de\/wp-json\/wp\/v2\/users\/1"}],"replies":[{"embeddable":true,"href":"https:\/\/revealing-project.eu\/de\/wp-json\/wp\/v2\/comments?post=4991"}],"version-history":[{"count":8,"href":"https:\/\/revealing-project.eu\/de\/wp-json\/wp\/v2\/pages\/4991\/revisions"}],"predecessor-version":[{"id":6208,"href":"https:\/\/revealing-project.eu\/de\/wp-json\/wp\/v2\/pages\/4991\/revisions\/6208"}],"wp:attachment":[{"href":"https:\/\/revealing-project.eu\/de\/wp-json\/wp\/v2\/media?parent=4991"}],"curies":[{"name":"wp","href":"https:\/\/api.w.org\/{rel}","templated":true}]}}