{"id":5020,"date":"2020-03-06T17:58:07","date_gmt":"2020-03-06T14:58:07","guid":{"rendered":"https:\/\/revealing-project.eu\/vrle-model\/"},"modified":"2024-10-16T11:31:51","modified_gmt":"2024-10-16T08:31:51","slug":"vrle-model","status":"publish","type":"page","link":"https:\/\/revealing-project.eu\/de\/vrle-model\/","title":{"rendered":"VRLE Modell"},"content":{"rendered":"\n<p>Das erste Ergebnis von REVEALING ist die Entwicklung eines Modells f\u00fcr eine auf die Hochschulbildung zugeschnittene Virtual Reality Learning Environment (VRLE). Diese VRLE ist in Form von virtuellen 3D-Klassenzimmern gestaltet, die mit VRChat kompatibel sind.<\/p>\n\n\n\n<p>Dozierenden und Studierenden wird die M\u00f6glichkeit geboten, in dieser gemeinsamen virtuellen Umgebung zu interagieren. Sie k\u00f6nnen dabei sowohl verbale als auch nonverbale Kommunikation nutzen und sich an kollaborativen Bildungsprojekten beteiligen.<\/p>\n\n\n\n<p>Die VRLE bietet R\u00e4ume mit neutralem Design, das keine spezifischen Disziplinen hervorhebt, sowie typische Layouts, wie sie in Universit\u00e4tsvorlesungen \u00fcblich sind (z. B. virtuelle 3D-Klassenzimmer und H\u00f6rs\u00e4le mit Standardm\u00f6beln, Whiteboards, Projektoren usw.). Diese R\u00e4ume sind f\u00fcr jede Art von Hochschulbildung geeignet, die innerhalb der VRLE stattfindet, und simulieren das Erlebnis einer realen akademischen Vorlesung.<\/p>\n\n\n\n<p>Zus\u00e4tzlich beinhaltet die VRLE spezielle fachspezifische R\u00e4ume zur Unterst\u00fctzung von Bildungsaufgaben, wie beispielsweise virtuelle Exkursionen zu Kulturerbest\u00e4tten oder der Zugang zu speziellen Werkzeugen oder Ressourcen, etwa menschliche Skelette f\u00fcr den Anatomieunterricht, um den Lernprozess zu optimieren.<\/p>\n\n\n\n<p>Das VRLE-Modell stellt zudem eine Auswahl an Avataren f\u00fcr Lehrkr\u00e4fte und Studierende bereit, die sich in Merkmalen wie Geschlecht, Ethnie, Alter und K\u00f6rperbau unterscheiden.<\/p>\n\n\n\n<p>Es wurden f\u00fcnf VR-Lernumgebungen produziert, die \u00fcber den Account von\u00a0<a rel=\"noreferrer noopener\" href=\"https:\/\/vrclist.com\/user\/AndronikiAgel\" target=\"_blank\">AndronikiAgel<\/a>\u00a0in der\u00a0<a rel=\"noreferrer noopener\" href=\"https:\/\/hello.vrchat.com\/\" target=\"_blank\">VRChat-App<\/a>\u00a0zug\u00e4nglich sind:<\/p>\n\n\n\n<p><\/p>\n\n\n\n<ul>\n<li><a href=\"https:\/\/vrclist.com\/world\/441111\" target=\"_blank\" rel=\"noreferrer noopener\">Ancient Greek Technology\u200b<\/a><\/li>\n\n\n\n<li><a href=\"https:\/\/vrclist.com\/world\/479463\" target=\"_blank\" rel=\"noreferrer noopener\">Chimborazo expedition\u200b<\/a><\/li>\n\n\n\n<li><a href=\"https:\/\/vrclist.com\/world\/465741\" target=\"_blank\" rel=\"noreferrer noopener\">Sea Urchins Measurements\u200b<\/a><\/li>\n\n\n\n<li><a href=\"https:\/\/vrclist.com\/world\/459563\" target=\"_blank\" rel=\"noreferrer noopener\">Linear Algebra\u200b<\/a><\/li>\n\n\n\n<li><a href=\"https:\/\/vrclist.com\/world\/490675\" target=\"_blank\" rel=\"noreferrer noopener\">Teriade Museum<\/a><\/li>\n<\/ul>\n\n\n\n<div style=\"height:45px\" aria-hidden=\"true\" class=\"wp-block-spacer\"><\/div>\n\n\n<p>\u00a0<\/p>\n<div class=\"h-row-container gutters-row-lg-2 gutters-row-md-2 gutters-row-0 gutters-row-v-lg-2 gutters-row-v-md-2 gutters-row-v-2 style-1011 style-local-472-c6 position-relative\" data-colibri-id=\"472-c6\">\n<div class=\"h-row justify-content-lg-center justify-content-md-center justify-content-center align-items-lg-stretch align-items-md-stretch align-items-stretch gutters-col-lg-2 gutters-col-md-2 gutters-col-0 gutters-col-v-lg-2 gutters-col-v-md-2 gutters-col-v-2\">\n<div class=\"h-column h-column-container d-flex h-col-lg-auto h-col-md-auto h-col-auto style-1012-outer style-local-472-c7-outer\">\n<div class=\"d-flex h-flex-basis h-column__inner h-px-lg-2 h-px-md-2 h-px-2 v-inner-lg-2 v-inner-md-2 v-inner-2 style-1012 style-local-472-c7 position-relative\" data-colibri-id=\"472-c7\">\n<p style=\"text-align: left;\">\u00a0<\/p>\n<div class=\"w-100 h-y-container h-column__content h-column__v-align flex-basis-100 align-self-lg-start align-self-md-start align-self-start\">\n<div class=\"d-block style-1014 style-local-472-c9 position-relative h-element\" data-colibri-id=\"472-c9\">\n<div class=\"h-image__frame-container-outer\">\n<div class=\"h-image__frame-container\">\n<p style=\"text-align: left;\"><img decoding=\"async\" loading=\"lazy\" class=\"style-1014-image style-local-472-c9-image wp-image-2419 alignleft\" src=\"https:\/\/revealing-project.eu\/wp-content\/uploads\/2023\/07\/logosbeneficaireserasmusright_de_0.jpg\" alt=\"\" width=\"336\" height=\"72\" \/><span style=\"color: #46707f; font-family: 'Open Sans'; font-size: 16px;\">Die Unterst\u00fctzung der Europ\u00e4ischen Kommission f\u00fcr die Erstellung dieser Ver\u00f6ffentlichung stellt keine Billigung des Inhalts dar, welcher nur die Ansichten der Verfasser wiedergibt, und die Kommission kann nicht f\u00fcr eine etwaige Verwendung der darin enthaltenen Informationen haftbar gemacht werden.<\/span><\/p>\n<\/div>\n<\/div>\n<\/div>\n<\/div>\n<\/div>\n<\/div>\n<div class=\"h-column h-column-container d-flex h-col-lg-auto h-col-md-auto h-col-auto style-1013-outer style-local-472-c8-outer\">\n<div class=\"d-flex h-flex-basis h-column__inner h-px-lg-2 h-px-md-2 h-px-2 v-inner-lg-2 v-inner-md-2 v-inner-2 style-1013 style-local-472-c8 position-relative\" data-colibri-id=\"472-c8\">\n<div class=\"w-100 h-y-container h-column__content h-column__v-align flex-basis-100 align-self-lg-start align-self-md-start align-self-start\">\n<div class=\"h-text h-text-component style-1015 style-local-472-c10 position-relative h-element\" data-colibri-id=\"472-c10\">\n<div class=\"\">\u00a0<\/div>\n<\/div>\n<\/div>\n<\/div>\n<\/div>\n<\/div>\n<\/div>","protected":false},"excerpt":{"rendered":"<p>Das erste Ergebnis von REVEALING ist die Entwicklung eines Modells f\u00fcr eine auf die Hochschulbildung zugeschnittene Virtual Reality Learning Environment (VRLE). Diese VRLE ist in Form von virtuellen 3D-Klassenzimmern gestaltet, die mit VRChat kompatibel sind. Dozierenden und Studierenden wird die M\u00f6glichkeit geboten, in dieser gemeinsamen virtuellen Umgebung zu interagieren. Sie k\u00f6nnen dabei sowohl verbale als [&hellip;]<\/p>\n","protected":false},"author":1,"featured_media":0,"parent":0,"menu_order":0,"comment_status":"closed","ping_status":"closed","template":"","meta":[],"_links":{"self":[{"href":"https:\/\/revealing-project.eu\/de\/wp-json\/wp\/v2\/pages\/5020"}],"collection":[{"href":"https:\/\/revealing-project.eu\/de\/wp-json\/wp\/v2\/pages"}],"about":[{"href":"https:\/\/revealing-project.eu\/de\/wp-json\/wp\/v2\/types\/page"}],"author":[{"embeddable":true,"href":"https:\/\/revealing-project.eu\/de\/wp-json\/wp\/v2\/users\/1"}],"replies":[{"embeddable":true,"href":"https:\/\/revealing-project.eu\/de\/wp-json\/wp\/v2\/comments?post=5020"}],"version-history":[{"count":8,"href":"https:\/\/revealing-project.eu\/de\/wp-json\/wp\/v2\/pages\/5020\/revisions"}],"predecessor-version":[{"id":6222,"href":"https:\/\/revealing-project.eu\/de\/wp-json\/wp\/v2\/pages\/5020\/revisions\/6222"}],"wp:attachment":[{"href":"https:\/\/revealing-project.eu\/de\/wp-json\/wp\/v2\/media?parent=5020"}],"curies":[{"name":"wp","href":"https:\/\/api.w.org\/{rel}","templated":true}]}}