{"id":5036,"date":"2022-06-02T10:39:50","date_gmt":"2022-06-02T07:39:50","guid":{"rendered":"https:\/\/revealing-project.eu\/vrle-directory\/"},"modified":"2024-10-22T16:01:49","modified_gmt":"2024-10-22T13:01:49","slug":"vrle-directory","status":"publish","type":"page","link":"https:\/\/revealing-project.eu\/de\/vrle-directory\/","title":{"rendered":"VRLE-Ressourcenverzeichnis"},"content":{"rendered":"<div data-colibri-id=\"5036-c1\" class=\"style-1101 style-local-5036-c1 position-relative\">\n  <!---->\n  <div data-colibri-component=\"section\" data-colibri-id=\"5036-c2\" id=\"initial-content\" class=\"h-section h-section-global-spacing d-flex align-items-lg-center align-items-md-center align-items-center style-1102 style-local-5036-c2 position-relative\">\n    <!---->\n    <!---->\n    <div class=\"h-section-grid-container h-section-boxed-container\">\n      <!---->\n      <div data-colibri-id=\"5036-c3\" class=\"h-row-container gutters-row-lg-2 gutters-row-md-2 gutters-row-0 gutters-row-v-lg-2 gutters-row-v-md-2 gutters-row-v-2 style-1103 style-local-5036-c3 position-relative\">\n        <!---->\n        <div class=\"h-row justify-content-lg-center justify-content-md-center justify-content-center align-items-lg-stretch align-items-md-stretch align-items-stretch gutters-col-lg-2 gutters-col-md-2 gutters-col-0 gutters-col-v-lg-2 gutters-col-v-md-2 gutters-col-v-2\">\n          <!---->\n          <div class=\"h-column h-column-container d-flex h-col-lg-auto h-col-md-auto h-col-auto style-1104-outer style-local-5036-c4-outer\">\n            <div data-colibri-id=\"5036-c4\" class=\"d-flex h-flex-basis h-column__inner h-px-lg-2 h-px-md-2 h-px-2 v-inner-lg-2 v-inner-md-2 v-inner-2 style-1104 style-local-5036-c4 position-relative\">\n              <!---->\n              <!---->\n              <div class=\"w-100 h-y-container h-column__content h-column__v-align flex-basis-100 align-self-lg-start align-self-md-start align-self-start\">\n                <!---->\n                <div data-colibri-id=\"5036-c5\" class=\"h-text h-text-component style-1105 style-local-5036-c5 position-relative h-element\">\n                  <!---->\n                  <!---->\n                  <div class=\"\">\n                    <p>Das dritte Projektergebnis ist ein VRLE-Ressourcenverzeichnis, das die Einf\u00fchrung und Nutzung von VRLEs in der Hochschullehre erleichtern soll.<\/p>\n                    <p>Dieses Verzeichnis enth\u00e4lt \u00f6ffentlich zug\u00e4ngliche Materialien, wie 3D-Modelle und kostenlose VRChat-Assets, die in VRLEs eingesetzt werden k\u00f6nnen.<\/p>\n                    <p>Derzeit w\u00e4chst die Menge der verf\u00fcgbaren Ressourcen rasant. P\u00e4dagog:innen, die diese Materialien in ihren physischen oder virtuellen Klassenzimmern nutzen m\u00f6chten, haben oft Schwierigkeiten, sie zu bewerten und geeignete sowie brauchbare\n                      Ressourcen auszuw\u00e4hlen.<\/p>\n                    <p>Zudem sind diese Materialien nicht kategorisiert, was die Beurteilung ihrer Eignung f\u00fcr die besonderen Anforderungen der Hochschulbildung erschwert.<\/p>\n                    <p>Das VRLE-Ressourcenverzeichnis erm\u00f6glicht die Dokumentation und Kategorisierung von \u00f6ffentlich verf\u00fcgbaren Materialien, beispielsweise nach Disziplinen wie Physik, Arch\u00e4ologie, Informatik und Medizin. So k\u00f6nnen Lehrpersonen und P\u00e4dagog:innen\n                      an Hochschulen diese schnell nach ihren Interessen durchsuchen und die passenden Materialien f\u00fcr ihren Unterricht ausw\u00e4hlen.<\/p>\n                    <p>Das REVEALING-Ressourcenverzeichnis spart dadurch wertvolle Zeit bei der Vorbereitung von VRLE-Vorlesungen oder auch Vorlesungen, die durch andere Arten von Informations- und Kommunikationstechnologie unterst\u00fctzt werden. Es bietet\n                      Hochschullehrenden nicht nur kompatible und aussagekr\u00e4ftige \u00f6ffentlich zug\u00e4ngliche Materialien f\u00fcr VRLE-gest\u00fctzte Vorlesungen, sondern auch solche, die in traditionelle Lehrpl\u00e4ne integriert werden k\u00f6nnen. Dadurch wird deren Gesamtqualit\u00e4t\n                      verbessert, was letztlich den Studierenden zugutekommt.<\/p>\n                  <\/div>\n                <\/div>\n              <\/div>\n            <\/div>\n          <\/div>\n        <\/div>\n      <\/div>\n      <div data-colibri-id=\"5036-c6\" class=\"h-row-container gutters-row-lg-2 gutters-row-md-2 gutters-row-0 gutters-row-v-lg-2 gutters-row-v-md-2 gutters-row-v-2 style-1106 style-local-5036-c6 position-relative\">\n        <!---->\n        <div class=\"h-row justify-content-lg-center justify-content-md-center justify-content-center align-items-lg-stretch align-items-md-stretch align-items-stretch gutters-col-lg-2 gutters-col-md-2 gutters-col-0 gutters-col-v-lg-2 gutters-col-v-md-2 gutters-col-v-2\">\n          <!---->\n          <div class=\"h-column h-column-container d-flex h-col-lg-auto h-col-md-auto h-col-auto style-1107-outer style-local-5036-c7-outer\">\n            <div data-colibri-id=\"5036-c7\" class=\"d-flex h-flex-basis h-column__inner h-px-lg-2 h-px-md-2 h-px-2 v-inner-lg-2 v-inner-md-2 v-inner-2 style-1107 style-local-5036-c7 position-relative\">\n              <!---->\n              <!---->\n              <div class=\"w-100 h-y-container h-column__content h-column__v-align flex-basis-100 align-self-lg-start align-self-md-start align-self-start\">\n                <!---->\n                <div data-colibri-id=\"5036-c8\" class=\"h-global-transition-all h-heading style-1108 style-local-5036-c8 position-relative h-element\">\n                  <!---->\n                  <div class=\"h-heading__outer style-1108 style-local-5036-c8\">\n                    <!---->\n                    <!---->\n                    <h2 class=\"\">Sehen Sie sich die folgenden Kategorien an<\/h2>\n                  <\/div>\n                <\/div>\n              <\/div>\n            <\/div>\n          <\/div>\n        <\/div>\n      <\/div>\n      <div data-colibri-id=\"5036-c9\" class=\"h-row-container gutters-row-lg-2 gutters-row-md-2 gutters-row-0 gutters-row-v-lg-2 gutters-row-v-md-2 gutters-row-v-2 style-1109 style-local-5036-c9 position-relative\">\n        <!---->\n        <div class=\"h-row justify-content-lg-center justify-content-md-center justify-content-center align-items-lg-stretch align-items-md-stretch align-items-stretch gutters-col-lg-2 gutters-col-md-2 gutters-col-0 gutters-col-v-lg-2 gutters-col-v-md-2 gutters-col-v-2\">\n          <!---->\n          <div class=\"h-column h-column-container d-flex h-col-lg-auto h-col-md-auto h-col-auto style-1110-outer style-local-5036-c10-outer\">\n            <div data-colibri-id=\"5036-c10\" class=\"d-flex h-flex-basis h-column__inner h-px-lg-2 h-px-md-2 h-px-2 v-inner-lg-2 v-inner-md-2 v-inner-2 style-1110 style-local-5036-c10 position-relative\">\n              <!---->\n              <!---->\n              <div class=\"w-100 h-y-container h-column__content h-column__v-align flex-basis-100 align-self-lg-start align-self-md-start align-self-start\">\n                <!---->\n                <div data-colibri-id=\"5036-c11\" class=\"h-x-container style-1111 style-local-5036-c11 position-relative h-element\">\n                  <!---->\n                  <div class=\"h-x-container-inner style-dynamic-5036-c11-group style-1111-spacing style-local-5036-c11-spacing\"><span class=\"h-button__outer style-1112-outer style-local-5036-c12-outer d-inline-flex h-element\"><a h-use-smooth-scroll=\"true\" href=\"https:\/\/revealing-project.eu\/de\/produkt-kategorie\/3d-resource-platforms-de\/\"  data-colibri-id=\"5036-c12\" class=\"d-flex w-100 align-items-center h-button justify-content-lg-center justify-content-md-center justify-content-center style-1112 style-local-5036-c12 position-relative\"><!----><!----> <span>Plattformen f\u00fcr 3D-Ressourcen<\/span><\/a>\n                    <\/span>\n                  <\/div>\n                <\/div>\n              <\/div>\n            <\/div>\n          <\/div>\n          <div class=\"h-column h-column-container d-flex h-col-lg-auto h-col-md-auto h-col-auto style-1113-outer style-local-5036-c13-outer\">\n            <div data-colibri-id=\"5036-c13\" class=\"d-flex h-flex-basis h-column__inner h-px-lg-2 h-px-md-2 h-px-2 v-inner-lg-2 v-inner-md-2 v-inner-2 style-1113 style-local-5036-c13 position-relative\">\n              <!---->\n              <!---->\n              <div class=\"w-100 h-y-container h-column__content h-column__v-align flex-basis-100 align-self-lg-start align-self-md-start align-self-start\">\n                <!---->\n                <div data-colibri-id=\"5036-c14\" class=\"h-x-container style-1114 style-local-5036-c14 position-relative h-element\">\n                  <!---->\n                  <div class=\"h-x-container-inner style-dynamic-5036-c14-group style-1114-spacing style-local-5036-c14-spacing\"><span class=\"h-button__outer style-1115-outer style-local-5036-c15-outer d-inline-flex h-element\"><a h-use-smooth-scroll=\"true\" href=\"https:\/\/revealing-project.eu\/de\/produkt-kategorie\/vrchat-worlds-de\/\"  data-colibri-id=\"5036-c15\" class=\"d-flex w-100 align-items-center h-button justify-content-lg-center justify-content-md-center justify-content-center style-1115 style-local-5036-c15 position-relative\"><!----><!----> <span>Werkzeuge f\u00fcr die Bildung (VR) \u2013 VRChat-Welten<\/span><\/a>\n                    <\/span>\n                  <\/div>\n                <\/div>\n              <\/div>\n            <\/div>\n          <\/div>\n        <\/div>\n      <\/div>\n      <div data-colibri-id=\"5036-c16\" class=\"h-row-container gutters-row-lg-2 gutters-row-md-2 gutters-row-0 gutters-row-v-lg-2 gutters-row-v-md-2 gutters-row-v-2 style-1116 style-local-5036-c16 position-relative\">\n        <!---->\n        <div class=\"h-row justify-content-lg-center justify-content-md-center justify-content-center align-items-lg-stretch align-items-md-stretch align-items-stretch gutters-col-lg-2 gutters-col-md-2 gutters-col-0 gutters-col-v-lg-2 gutters-col-v-md-2 gutters-col-v-2\">\n          <!---->\n          <div class=\"h-column h-column-container d-flex h-col-lg-auto h-col-md-auto h-col-auto style-1117-outer style-local-5036-c17-outer\">\n            <div data-colibri-id=\"5036-c17\" class=\"d-flex h-flex-basis h-column__inner h-px-lg-2 h-px-md-2 h-px-2 v-inner-lg-2 v-inner-md-2 v-inner-2 style-1117 style-local-5036-c17 position-relative\">\n              <!---->\n              <!---->\n              <div class=\"w-100 h-y-container h-column__content h-column__v-align flex-basis-100 align-self-lg-start align-self-md-start align-self-start\">\n                <!---->\n                <div data-colibri-id=\"5036-c18\" class=\"h-x-container style-1118 style-local-5036-c18 position-relative h-element\">\n                  <!---->\n                  <div class=\"h-x-container-inner style-dynamic-5036-c18-group style-1118-spacing style-local-5036-c18-spacing\"><span class=\"h-button__outer style-1119-outer style-local-5036-c19-outer d-inline-flex h-element\"><a h-use-smooth-scroll=\"true\" href=\"https:\/\/revealing-project.eu\/de\/produkt-kategorie\/vrchat-tools-de\/\"  data-colibri-id=\"5036-c19\" class=\"d-flex w-100 align-items-center h-button justify-content-lg-center justify-content-md-center justify-content-center style-1119 style-local-5036-c19 position-relative\"><!----><!----> <span>Werkzeuge f\u00fcr die Bildung (VR) \u2013 VRChat Tools<\/span><\/a>\n                    <\/span>\n                  <\/div>\n                <\/div>\n              <\/div>\n            <\/div>\n          <\/div>\n          <div class=\"h-column h-column-container d-flex h-col-lg-auto h-col-md-auto h-col-auto style-1120-outer style-local-5036-c20-outer\">\n            <div data-colibri-id=\"5036-c20\" class=\"d-flex h-flex-basis h-column__inner h-px-lg-2 h-px-md-2 h-px-2 v-inner-lg-2 v-inner-md-2 v-inner-2 style-1120 style-local-5036-c20 position-relative\">\n              <!---->\n              <!---->\n              <div class=\"w-100 h-y-container h-column__content h-column__v-align flex-basis-100 align-self-lg-start align-self-md-start align-self-start\">\n                <!---->\n                <div data-colibri-id=\"5036-c21\" class=\"h-x-container style-1121 style-local-5036-c21 position-relative h-element\">\n                  <!---->\n                  <div class=\"h-x-container-inner style-dynamic-5036-c21-group style-1121-spacing style-local-5036-c21-spacing\"><span class=\"h-button__outer style-1122-outer style-local-5036-c22-outer d-inline-flex h-element\"><a h-use-smooth-scroll=\"true\" href=\"https:\/\/revealing-project.eu\/de\/produkt-kategorie\/web-based-tools-de\/\"  data-colibri-id=\"5036-c22\" class=\"d-flex w-100 align-items-center h-button justify-content-lg-center justify-content-md-center justify-content-center style-1122 style-local-5036-c22 position-relative\"><!----><!----> <span>Webbasierte VR-Erstellungswerkzeuge<\/span><\/a>\n                    <\/span>\n                  <\/div>\n                <\/div>\n              <\/div>\n            <\/div>\n          <\/div>\n        <\/div>\n      <\/div>\n    <\/div>\n  <\/div>\n  <div data-colibri-component=\"section\" data-colibri-id=\"5036-c27\" id=\"reusable-sections-2\" class=\"h-section h-section-global-spacing d-flex align-items-lg-center align-items-md-center align-items-center style-1129 style-local-5036-c27 position-relative\">\n    <!---->\n    <!---->\n    <div class=\"h-section-grid-container h-section-boxed-container\">\n      <!---->\n      <div data-colibri-id=\"5036-c28\" class=\"h-row-container gutters-row-lg-2 gutters-row-md-2 gutters-row-0 gutters-row-v-lg-2 gutters-row-v-md-2 gutters-row-v-2 style-1130 style-local-5036-c28 position-relative\">\n        <!---->\n        <div class=\"h-row justify-content-lg-center justify-content-md-center justify-content-center align-items-lg-stretch align-items-md-stretch align-items-stretch gutters-col-lg-2 gutters-col-md-2 gutters-col-0 gutters-col-v-lg-2 gutters-col-v-md-2 gutters-col-v-2\">\n          <!---->\n          <div class=\"h-column h-column-container d-flex h-col-lg-auto h-col-md-auto h-col-auto style-1131-outer style-local-5036-c29-outer\">\n            <div data-colibri-id=\"5036-c29\" class=\"d-flex h-flex-basis h-column__inner h-px-lg-2 h-px-md-2 h-px-2 v-inner-lg-2 v-inner-md-2 v-inner-2 style-1131 style-local-5036-c29 position-relative\">\n              <!---->\n              <!---->\n              <div class=\"w-100 h-y-container h-column__content h-column__v-align flex-basis-100 align-self-lg-start align-self-md-start align-self-start\">\n                <!---->\n                <div data-colibri-id=\"5036-c30\" class=\"d-block style-1132 style-local-5036-c30 position-relative h-element\">\n                  <!---->\n                  <div class=\"h-image__frame-container-outer\">\n                    <div class=\"h-image__frame-container\">\n                      <!---->\n                      <!---->\n                      <img decoding=\"async\" loading=\"lazy\" width=\"824\" height=\"176\" src=\"https:\/\/revealing-project.eu\/wp-content\/uploads\/2023\/07\/logosbeneficaireserasmusright_de_0.jpg\" class=\"wp-image-5059 style-1132-image style-local-5036-c30-image\" srcset=\"https:\/\/revealing-project.eu\/wp-content\/uploads\/2023\/07\/logosbeneficaireserasmusright_de_0.jpg 824w, https:\/\/revealing-project.eu\/wp-content\/uploads\/2023\/07\/logosbeneficaireserasmusright_de_0-300x64.jpg 300w, https:\/\/revealing-project.eu\/wp-content\/uploads\/2023\/07\/logosbeneficaireserasmusright_de_0-768x164.jpg 768w, https:\/\/revealing-project.eu\/wp-content\/uploads\/2023\/07\/logosbeneficaireserasmusright_de_0-600x128.jpg 600w\" sizes=\"(max-width: 824px) 100vw, 824px\" alt=\"\" \/>\n                      <div class=\"h-image__frame h-hide-lg h-hide-md h-hide-sm style-1132-frameImage style-local-5036-c30-frameImage\"><\/div>\n                    <\/div>\n                  <\/div>\n                <\/div>\n              <\/div>\n            <\/div>\n          <\/div>\n          <div class=\"h-column h-column-container d-flex h-col-lg-auto h-col-md-auto h-col-auto style-1133-outer style-local-5036-c31-outer\">\n            <div data-colibri-id=\"5036-c31\" class=\"d-flex h-flex-basis h-column__inner h-px-lg-2 h-px-md-2 h-px-2 v-inner-lg-2 v-inner-md-2 v-inner-2 style-1133 style-local-5036-c31 position-relative\">\n              <!---->\n              <!---->\n              <div class=\"w-100 h-y-container h-column__content h-column__v-align flex-basis-100 align-self-lg-start align-self-md-start align-self-start\">\n                <!---->\n                <div data-colibri-id=\"5036-c32\" class=\"h-text h-text-component style-1134 style-local-5036-c32 position-relative h-element\">\n                  <!---->\n                  <!---->\n                  <div class=\"\">\n                    <p>Die Unterst\u00fctzung der Europ\u00e4ischen Kommission f\u00fcr die Erstellung dieser Ver\u00f6ffentlichung stellt keine Billigung des Inhalts dar, welcher nur die Ansichten der Verfasser wiedergibt, und die Kommission kann nicht f\u00fcr eine etwaige Verwendung\n                      der darin enthaltenen Informationen haftbar gemacht werden.<\/p>\n                  <\/div>\n                <\/div>\n              <\/div>\n            <\/div>\n          <\/div>\n        <\/div>\n      <\/div>\n    <\/div>\n  <\/div>\n<\/div>","protected":false},"excerpt":{"rendered":"<p>Das dritte Projektergebnis ist ein VRLE-Ressourcenverzeichnis, das die Einf\u00fchrung und Nutzung von VRLEs in der Hochschullehre erleichtern soll. Dieses Verzeichnis enth\u00e4lt \u00f6ffentlich zug\u00e4ngliche Materialien, wie 3D-Modelle und kostenlose VRChat-Assets, die in VRLEs eingesetzt werden k\u00f6nnen. Derzeit w\u00e4chst die Menge der verf\u00fcgbaren Ressourcen rasant. P\u00e4dagog:innen, die diese Materialien in ihren physischen oder virtuellen Klassenzimmern nutzen m\u00f6chten, [&hellip;]<\/p>\n","protected":false},"author":1,"featured_media":0,"parent":0,"menu_order":0,"comment_status":"closed","ping_status":"closed","template":"page-templates\/full-width-page.php","meta":[],"_links":{"self":[{"href":"https:\/\/revealing-project.eu\/de\/wp-json\/wp\/v2\/pages\/5036"}],"collection":[{"href":"https:\/\/revealing-project.eu\/de\/wp-json\/wp\/v2\/pages"}],"about":[{"href":"https:\/\/revealing-project.eu\/de\/wp-json\/wp\/v2\/types\/page"}],"author":[{"embeddable":true,"href":"https:\/\/revealing-project.eu\/de\/wp-json\/wp\/v2\/users\/1"}],"replies":[{"embeddable":true,"href":"https:\/\/revealing-project.eu\/de\/wp-json\/wp\/v2\/comments?post=5036"}],"version-history":[{"count":14,"href":"https:\/\/revealing-project.eu\/de\/wp-json\/wp\/v2\/pages\/5036\/revisions"}],"predecessor-version":[{"id":6234,"href":"https:\/\/revealing-project.eu\/de\/wp-json\/wp\/v2\/pages\/5036\/revisions\/6234"}],"wp:attachment":[{"href":"https:\/\/revealing-project.eu\/de\/wp-json\/wp\/v2\/media?parent=5036"}],"curies":[{"name":"wp","href":"https:\/\/api.w.org\/{rel}","templated":true}]}}