{"id":5530,"date":"2023-07-21T16:20:33","date_gmt":"2023-07-21T13:20:33","guid":{"rendered":"https:\/\/revealing-project.eu\/product\/sketchfab\/"},"modified":"2023-07-21T16:20:34","modified_gmt":"2023-07-21T13:20:34","slug":"sketchfab-2","status":"publish","type":"product","link":"https:\/\/revealing-project.eu\/de\/produkt\/sketchfab-2\/","title":{"rendered":"Sketchfab"},"content":{"rendered":"<p>Sketchfab ist eine Online-Plattform, die es Nutzern erm\u00f6glicht, 3D-Modelle zu entdecken, auszutauschen und zu pr\u00e4sentieren. Sie bietet eine lebendige Gemeinschaft f\u00fcr Kreative, K\u00fcnstler und Designer, die ihre Arbeiten auf eindrucksvolle und interaktive Weise erkunden und ausstellen k\u00f6nnen.<\/p>\n","protected":false},"excerpt":{"rendered":"<p><a class=\"linkbutton\" href=\"https:\/\/sketchfab.com\/\" target=\"_blank\" rel=\"noopener\">Website<\/a><\/p>\n","protected":false},"featured_media":4300,"template":"","meta":[],"product_cat":[227],"product_tag":[],"_links":{"self":[{"href":"https:\/\/revealing-project.eu\/de\/wp-json\/wp\/v2\/product\/5530"}],"collection":[{"href":"https:\/\/revealing-project.eu\/de\/wp-json\/wp\/v2\/product"}],"about":[{"href":"https:\/\/revealing-project.eu\/de\/wp-json\/wp\/v2\/types\/product"}],"wp:featuredmedia":[{"embeddable":true,"href":"https:\/\/revealing-project.eu\/de\/wp-json\/wp\/v2\/media\/4300"}],"wp:attachment":[{"href":"https:\/\/revealing-project.eu\/de\/wp-json\/wp\/v2\/media?parent=5530"}],"wp:term":[{"taxonomy":"product_cat","embeddable":true,"href":"https:\/\/revealing-project.eu\/de\/wp-json\/wp\/v2\/product_cat?post=5530"},{"taxonomy":"product_tag","embeddable":true,"href":"https:\/\/revealing-project.eu\/de\/wp-json\/wp\/v2\/product_tag?post=5530"}],"curies":[{"name":"wp","href":"https:\/\/api.w.org\/{rel}","templated":true}]}}