{"id":5531,"date":"2023-07-21T16:20:33","date_gmt":"2023-07-21T13:20:33","guid":{"rendered":"https:\/\/revealing-project.eu\/product\/turbosquid\/"},"modified":"2023-07-21T16:20:34","modified_gmt":"2023-07-21T13:20:34","slug":"turbosquid-2","status":"publish","type":"product","link":"https:\/\/revealing-project.eu\/de\/produkt\/turbosquid-2\/","title":{"rendered":"Turbosquid"},"content":{"rendered":"<p>Turbosquid ist ein f\u00fchrender Marktplatz f\u00fcr 3D-Modelle und bietet eine riesige Sammlung hochwertiger Assets f\u00fcr Branchen wie Spiele, Film und Werbung, die sowohl K\u00e4ufern als auch Verk\u00e4ufern eine bequeme Plattform zur Verbindung und zum Zugriff auf eine breite Palette digitaler Inhalte bietet.<\/p>\n","protected":false},"excerpt":{"rendered":"<p><a class=\"linkbutton\" href=\"https:\/\/www.turbosquid.com\" target=\"_blank\" rel=\"noopener\">Website<\/a><\/p>\n","protected":false},"featured_media":4350,"template":"","meta":[],"product_cat":[227],"product_tag":[],"_links":{"self":[{"href":"https:\/\/revealing-project.eu\/de\/wp-json\/wp\/v2\/product\/5531"}],"collection":[{"href":"https:\/\/revealing-project.eu\/de\/wp-json\/wp\/v2\/product"}],"about":[{"href":"https:\/\/revealing-project.eu\/de\/wp-json\/wp\/v2\/types\/product"}],"wp:featuredmedia":[{"embeddable":true,"href":"https:\/\/revealing-project.eu\/de\/wp-json\/wp\/v2\/media\/4350"}],"wp:attachment":[{"href":"https:\/\/revealing-project.eu\/de\/wp-json\/wp\/v2\/media?parent=5531"}],"wp:term":[{"taxonomy":"product_cat","embeddable":true,"href":"https:\/\/revealing-project.eu\/de\/wp-json\/wp\/v2\/product_cat?post=5531"},{"taxonomy":"product_tag","embeddable":true,"href":"https:\/\/revealing-project.eu\/de\/wp-json\/wp\/v2\/product_tag?post=5531"}],"curies":[{"name":"wp","href":"https:\/\/api.w.org\/{rel}","templated":true}]}}