{"id":5534,"date":"2023-07-21T16:20:33","date_gmt":"2023-07-21T13:20:33","guid":{"rendered":"https:\/\/revealing-project.eu\/product\/3d-warehouse\/"},"modified":"2023-07-21T16:20:35","modified_gmt":"2023-07-21T13:20:35","slug":"3d-warehouse","status":"publish","type":"product","link":"https:\/\/revealing-project.eu\/de\/produkt\/3d-warehouse\/","title":{"rendered":"3D Warehouse"},"content":{"rendered":"<p>3D Warehouse ist eine Plattform, auf der Benutzer auf eine Vielzahl von 3D-Modellen f\u00fcr Architektur- und Designprojekte zugreifen und diese mit anderen teilen k\u00f6nnen. Sie ist eine bequeme Ressource f\u00fcr Fachleute und Enthusiasten, die Objekte f\u00fcr ihre Visualisierungsanforderungen suchen.<\/p>\n","protected":false},"excerpt":{"rendered":"<p><a class=\"linkbutton\" href=\"https:\/\/3dwarehouse.sketchup.com\" target=\"_blank\" rel=\"noopener\">Website<\/a><\/p>\n","protected":false},"featured_media":4557,"template":"","meta":[],"product_cat":[227],"product_tag":[],"_links":{"self":[{"href":"https:\/\/revealing-project.eu\/de\/wp-json\/wp\/v2\/product\/5534"}],"collection":[{"href":"https:\/\/revealing-project.eu\/de\/wp-json\/wp\/v2\/product"}],"about":[{"href":"https:\/\/revealing-project.eu\/de\/wp-json\/wp\/v2\/types\/product"}],"wp:featuredmedia":[{"embeddable":true,"href":"https:\/\/revealing-project.eu\/de\/wp-json\/wp\/v2\/media\/4557"}],"wp:attachment":[{"href":"https:\/\/revealing-project.eu\/de\/wp-json\/wp\/v2\/media?parent=5534"}],"wp:term":[{"taxonomy":"product_cat","embeddable":true,"href":"https:\/\/revealing-project.eu\/de\/wp-json\/wp\/v2\/product_cat?post=5534"},{"taxonomy":"product_tag","embeddable":true,"href":"https:\/\/revealing-project.eu\/de\/wp-json\/wp\/v2\/product_tag?post=5534"}],"curies":[{"name":"wp","href":"https:\/\/api.w.org\/{rel}","templated":true}]}}