{"id":5536,"date":"2023-07-21T16:20:33","date_gmt":"2023-07-21T13:20:33","guid":{"rendered":"https:\/\/revealing-project.eu\/product\/blendswap\/"},"modified":"2023-07-21T16:20:35","modified_gmt":"2023-07-21T13:20:35","slug":"blendswap","status":"publish","type":"product","link":"https:\/\/revealing-project.eu\/de\/produkt\/blendswap\/","title":{"rendered":"Blendswap"},"content":{"rendered":"<p>Blendswap ist eine von der Community betriebene Plattform f\u00fcr Blender-Benutzer zum Austausch und Herunterladen von 3D-Modellen und -Assets, die die Zusammenarbeit f\u00f6rdert und eine bequeme Ressource f\u00fcr den Zugriff auf eine breite Palette von Blender-kompatiblen Inhalten bietet.<\/p>\n","protected":false},"excerpt":{"rendered":"<p><a class=\"linkbutton\" href=\"https:\/\/www.blendswap.com\/\" target=\"_blank\" rel=\"noopener\">Website<\/a><\/p>\n","protected":false},"featured_media":4090,"template":"","meta":[],"product_cat":[227],"product_tag":[],"_links":{"self":[{"href":"https:\/\/revealing-project.eu\/de\/wp-json\/wp\/v2\/product\/5536"}],"collection":[{"href":"https:\/\/revealing-project.eu\/de\/wp-json\/wp\/v2\/product"}],"about":[{"href":"https:\/\/revealing-project.eu\/de\/wp-json\/wp\/v2\/types\/product"}],"wp:featuredmedia":[{"embeddable":true,"href":"https:\/\/revealing-project.eu\/de\/wp-json\/wp\/v2\/media\/4090"}],"wp:attachment":[{"href":"https:\/\/revealing-project.eu\/de\/wp-json\/wp\/v2\/media?parent=5536"}],"wp:term":[{"taxonomy":"product_cat","embeddable":true,"href":"https:\/\/revealing-project.eu\/de\/wp-json\/wp\/v2\/product_cat?post=5536"},{"taxonomy":"product_tag","embeddable":true,"href":"https:\/\/revealing-project.eu\/de\/wp-json\/wp\/v2\/product_tag?post=5536"}],"curies":[{"name":"wp","href":"https:\/\/api.w.org\/{rel}","templated":true}]}}