{"id":5537,"date":"2023-07-21T16:20:33","date_gmt":"2023-07-21T13:20:33","guid":{"rendered":"https:\/\/revealing-project.eu\/product\/3dmodelscc0\/"},"modified":"2023-07-21T16:20:36","modified_gmt":"2023-07-21T13:20:36","slug":"3dmodelscc0","status":"publish","type":"product","link":"https:\/\/revealing-project.eu\/de\/produkt\/3dmodelscc0\/","title":{"rendered":"3DModelsCC0"},"content":{"rendered":"<p>3DModelsCC0 ist eine Plattform, die eine kuratierte Sammlung kostenloser, CC0-lizenzierter 3D-Modelle f\u00fcr den privaten und kommerziellen Gebrauch bereitstellt und damit eine praktische Ressource f\u00fcr K\u00fcnstler und Designer bietet, die auf der Suche nach hochqualitativen Assets sind, ohne dass eine Urheberschaft erforderlich ist.<\/p>\n","protected":false},"excerpt":{"rendered":"<p><a class=\"linkbutton\" href=\"https:\/\/www.3dmodelscc0.com\/ \" target=\"_blank\" rel=\"noopener\">Website<\/a><\/p>\n","protected":false},"featured_media":4045,"template":"","meta":[],"product_cat":[227],"product_tag":[],"_links":{"self":[{"href":"https:\/\/revealing-project.eu\/de\/wp-json\/wp\/v2\/product\/5537"}],"collection":[{"href":"https:\/\/revealing-project.eu\/de\/wp-json\/wp\/v2\/product"}],"about":[{"href":"https:\/\/revealing-project.eu\/de\/wp-json\/wp\/v2\/types\/product"}],"wp:featuredmedia":[{"embeddable":true,"href":"https:\/\/revealing-project.eu\/de\/wp-json\/wp\/v2\/media\/4045"}],"wp:attachment":[{"href":"https:\/\/revealing-project.eu\/de\/wp-json\/wp\/v2\/media?parent=5537"}],"wp:term":[{"taxonomy":"product_cat","embeddable":true,"href":"https:\/\/revealing-project.eu\/de\/wp-json\/wp\/v2\/product_cat?post=5537"},{"taxonomy":"product_tag","embeddable":true,"href":"https:\/\/revealing-project.eu\/de\/wp-json\/wp\/v2\/product_tag?post=5537"}],"curies":[{"name":"wp","href":"https:\/\/api.w.org\/{rel}","templated":true}]}}