{"id":5540,"date":"2023-07-21T16:20:33","date_gmt":"2023-07-21T13:20:33","guid":{"rendered":"https:\/\/revealing-project.eu\/product\/poly-haven\/"},"modified":"2023-07-21T16:20:36","modified_gmt":"2023-07-21T13:20:36","slug":"poly-haven","status":"publish","type":"product","link":"https:\/\/revealing-project.eu\/de\/produkt\/poly-haven\/","title":{"rendered":"Poly Haven"},"content":{"rendered":"<p>Poly Haven ist eine Plattform, die K\u00fcnstlern, Designern und Fachleuten f\u00fcr visuelle Effekte eine gro\u00dfe Auswahl an fotorealistischen 3D-Modellen, Texturen und HDRIs bietet, um den Realismus und die visuelle Qualit\u00e4t ihrer kreativen Projekte zu verbessern.<\/p>\n","protected":false},"excerpt":{"rendered":"<p><a class=\"linkbutton\" href=\"https:\/\/polyhaven.com\/ \" target=\"_blank\" rel=\"noopener\">Website<\/a><\/p>\n","protected":false},"featured_media":4572,"template":"","meta":[],"product_cat":[227],"product_tag":[],"_links":{"self":[{"href":"https:\/\/revealing-project.eu\/de\/wp-json\/wp\/v2\/product\/5540"}],"collection":[{"href":"https:\/\/revealing-project.eu\/de\/wp-json\/wp\/v2\/product"}],"about":[{"href":"https:\/\/revealing-project.eu\/de\/wp-json\/wp\/v2\/types\/product"}],"wp:featuredmedia":[{"embeddable":true,"href":"https:\/\/revealing-project.eu\/de\/wp-json\/wp\/v2\/media\/4572"}],"wp:attachment":[{"href":"https:\/\/revealing-project.eu\/de\/wp-json\/wp\/v2\/media?parent=5540"}],"wp:term":[{"taxonomy":"product_cat","embeddable":true,"href":"https:\/\/revealing-project.eu\/de\/wp-json\/wp\/v2\/product_cat?post=5540"},{"taxonomy":"product_tag","embeddable":true,"href":"https:\/\/revealing-project.eu\/de\/wp-json\/wp\/v2\/product_tag?post=5540"}],"curies":[{"name":"wp","href":"https:\/\/api.w.org\/{rel}","templated":true}]}}