{"id":5541,"date":"2023-07-21T16:20:33","date_gmt":"2023-07-21T13:20:33","guid":{"rendered":"https:\/\/revealing-project.eu\/product\/3d-export\/"},"modified":"2023-07-21T16:20:37","modified_gmt":"2023-07-21T13:20:37","slug":"3d-export","status":"publish","type":"product","link":"https:\/\/revealing-project.eu\/de\/produkt\/3d-export\/","title":{"rendered":"3D Export"},"content":{"rendered":"<p>3D Export ist ein Online-Marktplatz f\u00fcr den Kauf und Verkauf von 3D-Modellen und -Assets, der Designer und K\u00e4ufer auf einer bequemen Plattform zusammenbringt, um auf eine breite Palette von 3D-Inhalten zuzugreifen und diese zu pr\u00e4sentieren.<\/p>\n","protected":false},"excerpt":{"rendered":"<p><a class=\"linkbutton\" href=\"https:\/\/3dexport.com\/\" target=\"_blank\" rel=\"noopener\">Website<\/a><\/p>\n","protected":false},"featured_media":4577,"template":"","meta":[],"product_cat":[227],"product_tag":[],"_links":{"self":[{"href":"https:\/\/revealing-project.eu\/de\/wp-json\/wp\/v2\/product\/5541"}],"collection":[{"href":"https:\/\/revealing-project.eu\/de\/wp-json\/wp\/v2\/product"}],"about":[{"href":"https:\/\/revealing-project.eu\/de\/wp-json\/wp\/v2\/types\/product"}],"wp:featuredmedia":[{"embeddable":true,"href":"https:\/\/revealing-project.eu\/de\/wp-json\/wp\/v2\/media\/4577"}],"wp:attachment":[{"href":"https:\/\/revealing-project.eu\/de\/wp-json\/wp\/v2\/media?parent=5541"}],"wp:term":[{"taxonomy":"product_cat","embeddable":true,"href":"https:\/\/revealing-project.eu\/de\/wp-json\/wp\/v2\/product_cat?post=5541"},{"taxonomy":"product_tag","embeddable":true,"href":"https:\/\/revealing-project.eu\/de\/wp-json\/wp\/v2\/product_tag?post=5541"}],"curies":[{"name":"wp","href":"https:\/\/api.w.org\/{rel}","templated":true}]}}