{"id":5543,"date":"2023-07-21T16:20:33","date_gmt":"2023-07-21T13:20:33","guid":{"rendered":"https:\/\/revealing-project.eu\/product\/clara-io\/"},"modified":"2023-07-21T16:20:37","modified_gmt":"2023-07-21T13:20:37","slug":"clara-io","status":"publish","type":"product","link":"https:\/\/revealing-project.eu\/de\/produkt\/clara-io\/","title":{"rendered":"Clara.io"},"content":{"rendered":"<p>Clara.io ist ein benutzerfreundliches, webbasiertes 3D-Modellierungs- und Rendering-Tool, mit dem Benutzer 3D-Modelle direkt in ihrem Webbrowser erstellen, bearbeiten und animieren k\u00f6nnen, so dass es f\u00fcr Designer aller Kenntnisstufen zug\u00e4nglich und bequem ist.<\/p>\n","protected":false},"excerpt":{"rendered":"<p><a class=\"linkbutton\" href=\"https:\/\/clara.io\/\" target=\"_blank\" rel=\"noopener\">Website<\/a><\/p>\n","protected":false},"featured_media":4125,"template":"","meta":[],"product_cat":[227],"product_tag":[],"_links":{"self":[{"href":"https:\/\/revealing-project.eu\/de\/wp-json\/wp\/v2\/product\/5543"}],"collection":[{"href":"https:\/\/revealing-project.eu\/de\/wp-json\/wp\/v2\/product"}],"about":[{"href":"https:\/\/revealing-project.eu\/de\/wp-json\/wp\/v2\/types\/product"}],"wp:featuredmedia":[{"embeddable":true,"href":"https:\/\/revealing-project.eu\/de\/wp-json\/wp\/v2\/media\/4125"}],"wp:attachment":[{"href":"https:\/\/revealing-project.eu\/de\/wp-json\/wp\/v2\/media?parent=5543"}],"wp:term":[{"taxonomy":"product_cat","embeddable":true,"href":"https:\/\/revealing-project.eu\/de\/wp-json\/wp\/v2\/product_cat?post=5543"},{"taxonomy":"product_tag","embeddable":true,"href":"https:\/\/revealing-project.eu\/de\/wp-json\/wp\/v2\/product_tag?post=5543"}],"curies":[{"name":"wp","href":"https:\/\/api.w.org\/{rel}","templated":true}]}}