{"id":5547,"date":"2023-07-21T16:20:33","date_gmt":"2023-07-21T13:20:33","guid":{"rendered":"https:\/\/revealing-project.eu\/product\/luminekos-art-and-chill\/"},"modified":"2023-07-21T16:20:38","modified_gmt":"2023-07-21T13:20:38","slug":"luminekos-art-and-chill","status":"publish","type":"product","link":"https:\/\/revealing-project.eu\/de\/produkt\/luminekos-art-and-chill\/","title":{"rendered":"Lumineko&#8217;s Art and Chill"},"content":{"rendered":"<p>Lumineko&#8217;s Art and Chill ist eine virtuelle Welt in VRChat, in der BenutzerInnen abh\u00e4ngen und entspannen k\u00f6nnen, w\u00e4hrend sie Kunstwerke betrachten.<\/p>\n","protected":false},"excerpt":{"rendered":"<p><a class=\"linkbutton\" href=\"https:\/\/vrchat.com\/home\/world\/wrld_8f46116e-97e6-4fc4-9e09-9c548eb8f700 \"target=_blank\" rel=\"noopener\">Website<\/a><\/p>\n","protected":false},"featured_media":4608,"template":"","meta":[],"product_cat":[229],"product_tag":[],"_links":{"self":[{"href":"https:\/\/revealing-project.eu\/de\/wp-json\/wp\/v2\/product\/5547"}],"collection":[{"href":"https:\/\/revealing-project.eu\/de\/wp-json\/wp\/v2\/product"}],"about":[{"href":"https:\/\/revealing-project.eu\/de\/wp-json\/wp\/v2\/types\/product"}],"wp:featuredmedia":[{"embeddable":true,"href":"https:\/\/revealing-project.eu\/de\/wp-json\/wp\/v2\/media\/4608"}],"wp:attachment":[{"href":"https:\/\/revealing-project.eu\/de\/wp-json\/wp\/v2\/media?parent=5547"}],"wp:term":[{"taxonomy":"product_cat","embeddable":true,"href":"https:\/\/revealing-project.eu\/de\/wp-json\/wp\/v2\/product_cat?post=5547"},{"taxonomy":"product_tag","embeddable":true,"href":"https:\/\/revealing-project.eu\/de\/wp-json\/wp\/v2\/product_tag?post=5547"}],"curies":[{"name":"wp","href":"https:\/\/api.w.org\/{rel}","templated":true}]}}