{"id":5548,"date":"2023-07-21T16:20:33","date_gmt":"2023-07-21T13:20:33","guid":{"rendered":"https:\/\/revealing-project.eu\/product\/art-and-chill-world\/"},"modified":"2023-07-21T16:20:38","modified_gmt":"2023-07-21T13:20:38","slug":"art-and-chill-world","status":"publish","type":"product","link":"https:\/\/revealing-project.eu\/de\/produkt\/art-and-chill-world\/","title":{"rendered":"Art and Chill World"},"content":{"rendered":"<p>Art and Chill World ist eine virtuelle Welt in VRChat, in der Benutzer entspannen und Kunstwerke genie\u00dfen k\u00f6nnen, w\u00e4hrend sie sich mit anderen Benutzern austauschen.<\/p>\n","protected":false},"excerpt":{"rendered":"<p><a class=\"linkbutton\" href=\"https:\/\/vrchat.com\/home\/world\/wrld_5a18f2d6-cd5a-4913-952b-f302ceb5da08 \"target=_blank\" rel=\"noopener\">Website<\/a><\/p>\n","protected":false},"featured_media":4613,"template":"","meta":[],"product_cat":[229],"product_tag":[],"_links":{"self":[{"href":"https:\/\/revealing-project.eu\/de\/wp-json\/wp\/v2\/product\/5548"}],"collection":[{"href":"https:\/\/revealing-project.eu\/de\/wp-json\/wp\/v2\/product"}],"about":[{"href":"https:\/\/revealing-project.eu\/de\/wp-json\/wp\/v2\/types\/product"}],"wp:featuredmedia":[{"embeddable":true,"href":"https:\/\/revealing-project.eu\/de\/wp-json\/wp\/v2\/media\/4613"}],"wp:attachment":[{"href":"https:\/\/revealing-project.eu\/de\/wp-json\/wp\/v2\/media?parent=5548"}],"wp:term":[{"taxonomy":"product_cat","embeddable":true,"href":"https:\/\/revealing-project.eu\/de\/wp-json\/wp\/v2\/product_cat?post=5548"},{"taxonomy":"product_tag","embeddable":true,"href":"https:\/\/revealing-project.eu\/de\/wp-json\/wp\/v2\/product_tag?post=5548"}],"curies":[{"name":"wp","href":"https:\/\/api.w.org\/{rel}","templated":true}]}}