{"id":5559,"date":"2023-07-21T16:20:42","date_gmt":"2023-07-21T13:20:42","guid":{"rendered":"https:\/\/revealing-project.eu\/product\/dentist-office\/"},"modified":"2023-07-21T16:20:44","modified_gmt":"2023-07-21T13:20:44","slug":"dentist-office","status":"publish","type":"product","link":"https:\/\/revealing-project.eu\/de\/produkt\/dentist-office\/","title":{"rendered":"Dentist Office"},"content":{"rendered":"<p>Dentist and Doctor Office ist eine Virtual Reality (VR)-Umgebung in VRChat, in der BenutzerInnen in die Rolle von Zahn\u00e4rzten, Medizinern, Chirurgen und \u00c4rzten schl\u00fcpfen k\u00f6nnen. Die Umgebung ist so gestaltet, dass sie wie ein altes und antikes medizinisches Zentrum aussieht.<\/p>\n","protected":false},"excerpt":{"rendered":"<p><a class=\"linkbutton\" href=\"https:\/\/vrchat.com\/home\/world\/wrld_d605f733-be8b-4d4c-a769-4c5d99657648 \"target=_blank\" rel=\"noopener\">Website<\/a><\/p>\n","protected":false},"featured_media":4663,"template":"","meta":[],"product_cat":[229],"product_tag":[],"_links":{"self":[{"href":"https:\/\/revealing-project.eu\/de\/wp-json\/wp\/v2\/product\/5559"}],"collection":[{"href":"https:\/\/revealing-project.eu\/de\/wp-json\/wp\/v2\/product"}],"about":[{"href":"https:\/\/revealing-project.eu\/de\/wp-json\/wp\/v2\/types\/product"}],"wp:featuredmedia":[{"embeddable":true,"href":"https:\/\/revealing-project.eu\/de\/wp-json\/wp\/v2\/media\/4663"}],"wp:attachment":[{"href":"https:\/\/revealing-project.eu\/de\/wp-json\/wp\/v2\/media?parent=5559"}],"wp:term":[{"taxonomy":"product_cat","embeddable":true,"href":"https:\/\/revealing-project.eu\/de\/wp-json\/wp\/v2\/product_cat?post=5559"},{"taxonomy":"product_tag","embeddable":true,"href":"https:\/\/revealing-project.eu\/de\/wp-json\/wp\/v2\/product_tag?post=5559"}],"curies":[{"name":"wp","href":"https:\/\/api.w.org\/{rel}","templated":true}]}}