{"id":5571,"date":"2023-07-21T16:20:48","date_gmt":"2023-07-21T13:20:48","guid":{"rendered":"https:\/\/revealing-project.eu\/product\/aperture-science-central-ai-chamber\/"},"modified":"2023-07-21T16:20:48","modified_gmt":"2023-07-21T13:20:48","slug":"aperture-science-central-ai-chamber","status":"publish","type":"product","link":"https:\/\/revealing-project.eu\/de\/produkt\/aperture-science-central-ai-chamber\/","title":{"rendered":"Aperture Science &#8211; Central AI Chamber"},"content":{"rendered":"<p>Aperture Science &#8211; Central AI Chamber ist ein wichtiger Schauplatz in der &#8222;Portal&#8220;-Videospielserie, an dem die Spieler mit der Hauptfigur der k\u00fcnstlichen Intelligenz GLaDOS in Kontakt treten und im Laufe des Spiels schwierige R\u00e4tsel l\u00f6sen m\u00fcssen.<\/p>\n","protected":false},"excerpt":{"rendered":"<p><a class=\"linkbutton\" href=\"https:\/\/vrchat.com\/home\/world\/wrld_2c46587d-8726-4c2c-8097-cf31c89f50ae \"target=_blank\" rel=\"noopener\">Website<\/a><\/p>\n","protected":false},"featured_media":4708,"template":"","meta":[],"product_cat":[229],"product_tag":[],"_links":{"self":[{"href":"https:\/\/revealing-project.eu\/de\/wp-json\/wp\/v2\/product\/5571"}],"collection":[{"href":"https:\/\/revealing-project.eu\/de\/wp-json\/wp\/v2\/product"}],"about":[{"href":"https:\/\/revealing-project.eu\/de\/wp-json\/wp\/v2\/types\/product"}],"wp:featuredmedia":[{"embeddable":true,"href":"https:\/\/revealing-project.eu\/de\/wp-json\/wp\/v2\/media\/4708"}],"wp:attachment":[{"href":"https:\/\/revealing-project.eu\/de\/wp-json\/wp\/v2\/media?parent=5571"}],"wp:term":[{"taxonomy":"product_cat","embeddable":true,"href":"https:\/\/revealing-project.eu\/de\/wp-json\/wp\/v2\/product_cat?post=5571"},{"taxonomy":"product_tag","embeddable":true,"href":"https:\/\/revealing-project.eu\/de\/wp-json\/wp\/v2\/product_tag?post=5571"}],"curies":[{"name":"wp","href":"https:\/\/api.w.org\/{rel}","templated":true}]}}