{"id":5573,"date":"2023-07-21T16:20:48","date_gmt":"2023-07-21T13:20:48","guid":{"rendered":"https:\/\/revealing-project.eu\/product\/lx-language-exchange\/"},"modified":"2023-07-21T16:20:49","modified_gmt":"2023-07-21T13:20:49","slug":"lx-language-exchange","status":"publish","type":"product","link":"https:\/\/revealing-project.eu\/de\/produkt\/lx-language-exchange\/","title":{"rendered":"LX Language Exchange"},"content":{"rendered":"<p>LX Language Exchange in VRChat ist eine virtuelle Welt, die den Sprachaustausch durch interaktive Sprachlernstationen und Konversations\u00fcbungsbereiche erleichtert und so eine dynamische und fesselnde Umgebung f\u00fcr Sprachlernende schafft, in der sie Kontakte kn\u00fcpfen und ihre F\u00e4higkeiten verbessern k\u00f6nnen.<\/p>\n","protected":false},"excerpt":{"rendered":"<p><a class=\"linkbutton\" href=\"https:\/\/vrchat.com\/home\/world\/wrld_a9f893ed-7cb6-4c77-8da4-8dccf49825b9 \"target=_blank\" rel=\"noopener\">Website<\/a><\/p>\n","protected":false},"featured_media":4738,"template":"","meta":[],"product_cat":[229],"product_tag":[],"_links":{"self":[{"href":"https:\/\/revealing-project.eu\/de\/wp-json\/wp\/v2\/product\/5573"}],"collection":[{"href":"https:\/\/revealing-project.eu\/de\/wp-json\/wp\/v2\/product"}],"about":[{"href":"https:\/\/revealing-project.eu\/de\/wp-json\/wp\/v2\/types\/product"}],"wp:featuredmedia":[{"embeddable":true,"href":"https:\/\/revealing-project.eu\/de\/wp-json\/wp\/v2\/media\/4738"}],"wp:attachment":[{"href":"https:\/\/revealing-project.eu\/de\/wp-json\/wp\/v2\/media?parent=5573"}],"wp:term":[{"taxonomy":"product_cat","embeddable":true,"href":"https:\/\/revealing-project.eu\/de\/wp-json\/wp\/v2\/product_cat?post=5573"},{"taxonomy":"product_tag","embeddable":true,"href":"https:\/\/revealing-project.eu\/de\/wp-json\/wp\/v2\/product_tag?post=5573"}],"curies":[{"name":"wp","href":"https:\/\/api.w.org\/{rel}","templated":true}]}}