{"id":5574,"date":"2023-07-21T16:20:48","date_gmt":"2023-07-21T13:20:48","guid":{"rendered":"https:\/\/revealing-project.eu\/product\/japanese-language-study-%ef%bc%88wip%ef%bc%89\/"},"modified":"2023-07-21T16:20:49","modified_gmt":"2023-07-21T13:20:49","slug":"japanese-language-study-%ef%bc%88wip%ef%bc%89","status":"publish","type":"product","link":"https:\/\/revealing-project.eu\/de\/produkt\/japanese-language-study-%ef%bc%88wip%ef%bc%89\/","title":{"rendered":"Japanese Language Study \uff08WIP\uff09"},"content":{"rendered":"<p>Die VRChat-Welt von Japanese Language Study (WIP) ist eine Virtual-Reality-Umgebung zum Lernen und \u00dcben von Japanisch. Sie ist einer japanischen Schule nachempfunden und erm\u00f6glicht es den Benutzern, mit Muttersprachlern und anderen Lernenden zu interagieren, um das Sprechen zu \u00fcben.<\/p>\n","protected":false},"excerpt":{"rendered":"<p><a class=\"linkbutton\" href=\"https:\/\/vrchat.com\/home\/world\/wrld_bd80d295-7392-481a-9fba-53e708588cd2 \"target=_blank\" rel=\"noopener\">Website<\/a><\/p>\n","protected":false},"featured_media":4733,"template":"","meta":[],"product_cat":[229],"product_tag":[],"_links":{"self":[{"href":"https:\/\/revealing-project.eu\/de\/wp-json\/wp\/v2\/product\/5574"}],"collection":[{"href":"https:\/\/revealing-project.eu\/de\/wp-json\/wp\/v2\/product"}],"about":[{"href":"https:\/\/revealing-project.eu\/de\/wp-json\/wp\/v2\/types\/product"}],"wp:featuredmedia":[{"embeddable":true,"href":"https:\/\/revealing-project.eu\/de\/wp-json\/wp\/v2\/media\/4733"}],"wp:attachment":[{"href":"https:\/\/revealing-project.eu\/de\/wp-json\/wp\/v2\/media?parent=5574"}],"wp:term":[{"taxonomy":"product_cat","embeddable":true,"href":"https:\/\/revealing-project.eu\/de\/wp-json\/wp\/v2\/product_cat?post=5574"},{"taxonomy":"product_tag","embeddable":true,"href":"https:\/\/revealing-project.eu\/de\/wp-json\/wp\/v2\/product_tag?post=5574"}],"curies":[{"name":"wp","href":"https:\/\/api.w.org\/{rel}","templated":true}]}}