{"id":5576,"date":"2023-07-21T16:20:48","date_gmt":"2023-07-21T13:20:48","guid":{"rendered":"https:\/\/revealing-project.eu\/product\/the-literature-club\/"},"modified":"2023-07-21T16:20:49","modified_gmt":"2023-07-21T13:20:49","slug":"the-literature-club","status":"publish","type":"product","link":"https:\/\/revealing-project.eu\/de\/produkt\/the-literature-club\/","title":{"rendered":"The Literature Club"},"content":{"rendered":"<p>Der Literature Club Plus in VRChat ist ein Virtual-Reality-Erlebnis, bei dem die Nutzer mit Figuren aus dem beliebten Visual-Novel-Spiel Doki Doki Literature Club interagieren k\u00f6nnen. In dieser immersiven Umgebung k\u00f6nnen die BenutzerInnen Dialoge f\u00fchren, an Minispielen teilnehmen und die Welt des Literaturclubs in einem 3D-Raum erkunden.<\/p>\n","protected":false},"excerpt":{"rendered":"<p><a class=\"linkbutton\" href=\"https:\/\/vrchat.com\/home\/world\/wrld_5286adda-dff6-45d9-8711-a91705566eaf \"target=_blank\" rel=\"noopener\">Website<\/a><\/p>\n","protected":false},"featured_media":4723,"template":"","meta":[],"product_cat":[229],"product_tag":[],"_links":{"self":[{"href":"https:\/\/revealing-project.eu\/de\/wp-json\/wp\/v2\/product\/5576"}],"collection":[{"href":"https:\/\/revealing-project.eu\/de\/wp-json\/wp\/v2\/product"}],"about":[{"href":"https:\/\/revealing-project.eu\/de\/wp-json\/wp\/v2\/types\/product"}],"wp:featuredmedia":[{"embeddable":true,"href":"https:\/\/revealing-project.eu\/de\/wp-json\/wp\/v2\/media\/4723"}],"wp:attachment":[{"href":"https:\/\/revealing-project.eu\/de\/wp-json\/wp\/v2\/media?parent=5576"}],"wp:term":[{"taxonomy":"product_cat","embeddable":true,"href":"https:\/\/revealing-project.eu\/de\/wp-json\/wp\/v2\/product_cat?post=5576"},{"taxonomy":"product_tag","embeddable":true,"href":"https:\/\/revealing-project.eu\/de\/wp-json\/wp\/v2\/product_tag?post=5576"}],"curies":[{"name":"wp","href":"https:\/\/api.w.org\/{rel}","templated":true}]}}