{"id":5578,"date":"2023-07-21T16:20:48","date_gmt":"2023-07-21T13:20:48","guid":{"rendered":"https:\/\/revealing-project.eu\/product\/business-office\/"},"modified":"2023-07-21T16:20:50","modified_gmt":"2023-07-21T13:20:50","slug":"business-office","status":"publish","type":"product","link":"https:\/\/revealing-project.eu\/de\/produkt\/business-office\/","title":{"rendered":"Business Office"},"content":{"rendered":"<p>Die VRChat-Welt Business Office ist eine Virtual-Reality-Umgebung, die ein modernes Firmenb\u00fcro simuliert und den Benutzern die M\u00f6glichkeit bietet, verschiedene gesch\u00e4ftsbezogene Aktivit\u00e4ten wie Meetings, Pr\u00e4sentationen und Brainstorming-Sitzungen im Rollenspiel durchzuf\u00fchren.<\/p>\n","protected":false},"excerpt":{"rendered":"<p><a class=\"linkbutton\" href=\"https:\/\/vrchat.com\/home\/world\/wrld_4c175542-be96-469a-8048-deffaf3595ed \"target=_blank\" rel=\"noopener\">Website<\/a><\/p>\n","protected":false},"featured_media":4748,"template":"","meta":[],"product_cat":[229],"product_tag":[],"_links":{"self":[{"href":"https:\/\/revealing-project.eu\/de\/wp-json\/wp\/v2\/product\/5578"}],"collection":[{"href":"https:\/\/revealing-project.eu\/de\/wp-json\/wp\/v2\/product"}],"about":[{"href":"https:\/\/revealing-project.eu\/de\/wp-json\/wp\/v2\/types\/product"}],"wp:featuredmedia":[{"embeddable":true,"href":"https:\/\/revealing-project.eu\/de\/wp-json\/wp\/v2\/media\/4748"}],"wp:attachment":[{"href":"https:\/\/revealing-project.eu\/de\/wp-json\/wp\/v2\/media?parent=5578"}],"wp:term":[{"taxonomy":"product_cat","embeddable":true,"href":"https:\/\/revealing-project.eu\/de\/wp-json\/wp\/v2\/product_cat?post=5578"},{"taxonomy":"product_tag","embeddable":true,"href":"https:\/\/revealing-project.eu\/de\/wp-json\/wp\/v2\/product_tag?post=5578"}],"curies":[{"name":"wp","href":"https:\/\/api.w.org\/{rel}","templated":true}]}}