{"id":5580,"date":"2023-07-21T16:20:48","date_gmt":"2023-07-21T13:20:48","guid":{"rendered":"https:\/\/revealing-project.eu\/product\/riskiplayer\/"},"modified":"2023-07-21T16:20:50","modified_gmt":"2023-07-21T13:20:50","slug":"riskiplayer","status":"publish","type":"product","link":"https:\/\/revealing-project.eu\/de\/produkt\/riskiplayer\/","title":{"rendered":"RiskiPlayer"},"content":{"rendered":"<p>RiskiPlayer ist ein Videoplayer, der speziell f\u00fcr VRChat entwickelt wurde und eine einfache und elegante Bildschirmschnittstelle bietet. Er erm\u00f6glicht es den Nutzern, Videos in der VRChat-Umgebung anzusehen, so dass sie mit Freunden in einer Virtual-Reality-Umgebung Videos ansehen k\u00f6nnen. Der Player bietet eine Reihe von anpassbaren Einstellungen, darunter die M\u00f6glichkeit, die Videoqualit\u00e4t, die Bildschirmgr\u00f6\u00dfe und andere Wiedergabeoptionen anzupassen. Mit seiner schlanken und benutzerfreundlichen Oberfl\u00e4che ist RiskiPlayer ein gro\u00dfartiges Tool f\u00fcr alle, die Videos in VRChat ansehen m\u00f6chten.<\/p>\n","protected":false},"excerpt":{"rendered":"<p><a class=\"linkbutton\" href=\"https:\/\/github.com\/RiskiVR\/RiskiPlayer\"target=_blank rel=\"noopener\">Website<\/a><\/p>\n","protected":false},"featured_media":4491,"template":"","meta":[],"product_cat":[228],"product_tag":[],"_links":{"self":[{"href":"https:\/\/revealing-project.eu\/de\/wp-json\/wp\/v2\/product\/5580"}],"collection":[{"href":"https:\/\/revealing-project.eu\/de\/wp-json\/wp\/v2\/product"}],"about":[{"href":"https:\/\/revealing-project.eu\/de\/wp-json\/wp\/v2\/types\/product"}],"wp:featuredmedia":[{"embeddable":true,"href":"https:\/\/revealing-project.eu\/de\/wp-json\/wp\/v2\/media\/4491"}],"wp:attachment":[{"href":"https:\/\/revealing-project.eu\/de\/wp-json\/wp\/v2\/media?parent=5580"}],"wp:term":[{"taxonomy":"product_cat","embeddable":true,"href":"https:\/\/revealing-project.eu\/de\/wp-json\/wp\/v2\/product_cat?post=5580"},{"taxonomy":"product_tag","embeddable":true,"href":"https:\/\/revealing-project.eu\/de\/wp-json\/wp\/v2\/product_tag?post=5580"}],"curies":[{"name":"wp","href":"https:\/\/api.w.org\/{rel}","templated":true}]}}