{"id":5581,"date":"2023-07-21T16:20:48","date_gmt":"2023-07-21T13:20:48","guid":{"rendered":"https:\/\/revealing-project.eu\/product\/fishing-system-vrchat-udon\/"},"modified":"2023-07-21T16:20:51","modified_gmt":"2023-07-21T13:20:51","slug":"fishing-system-vrchat-udon","status":"publish","type":"product","link":"https:\/\/revealing-project.eu\/de\/produkt\/fishing-system-vrchat-udon\/","title":{"rendered":"Fishing-System-VRChat-Udon"},"content":{"rendered":"<p>Fishing-System-VRChat-Udon ist ein benutzerdefiniertes Angelsystem, das f\u00fcr die Verwendung in VRChat entwickelt wurde. Unter Verwendung von Udon, der Programmiersprache von VRChat, erm\u00f6glicht dieses System den Benutzern, in der virtuellen Realit\u00e4t von VRChat zu angeln. Das System enth\u00e4lt verschiedene Funktionen, wie z.B. die M\u00f6glichkeit, verschiedene Fischarten zu fangen, K\u00f6derarten anzupassen und verschiedene Angelpl\u00e4tze einzurichten. Mit seinem realistischen und immersiven Angelerlebnis ist das Fishing-System-VRChat-Udon eine unterhaltsame und einzigartige M\u00f6glichkeit, Zeit in VRChat zu verbringen.<\/p>\n","protected":false},"excerpt":{"rendered":"<p><a class=\"linkbutton\" href=\"https:\/\/github.com\/twofist\/Fishing-System-VRChat-Udon\"target=_blank rel=\"noopener\">Website<\/a><\/p>\n","protected":false},"featured_media":4811,"template":"","meta":[],"product_cat":[228],"product_tag":[],"_links":{"self":[{"href":"https:\/\/revealing-project.eu\/de\/wp-json\/wp\/v2\/product\/5581"}],"collection":[{"href":"https:\/\/revealing-project.eu\/de\/wp-json\/wp\/v2\/product"}],"about":[{"href":"https:\/\/revealing-project.eu\/de\/wp-json\/wp\/v2\/types\/product"}],"wp:featuredmedia":[{"embeddable":true,"href":"https:\/\/revealing-project.eu\/de\/wp-json\/wp\/v2\/media\/4811"}],"wp:attachment":[{"href":"https:\/\/revealing-project.eu\/de\/wp-json\/wp\/v2\/media?parent=5581"}],"wp:term":[{"taxonomy":"product_cat","embeddable":true,"href":"https:\/\/revealing-project.eu\/de\/wp-json\/wp\/v2\/product_cat?post=5581"},{"taxonomy":"product_tag","embeddable":true,"href":"https:\/\/revealing-project.eu\/de\/wp-json\/wp\/v2\/product_tag?post=5581"}],"curies":[{"name":"wp","href":"https:\/\/api.w.org\/{rel}","templated":true}]}}