{"id":5582,"date":"2023-07-21T16:20:48","date_gmt":"2023-07-21T13:20:48","guid":{"rendered":"https:\/\/revealing-project.eu\/product\/vrc-raycast-laser\/"},"modified":"2023-07-21T16:20:51","modified_gmt":"2023-07-21T13:20:51","slug":"vrc-raycast-laser","status":"publish","type":"product","link":"https:\/\/revealing-project.eu\/de\/produkt\/vrc-raycast-laser\/","title":{"rendered":"VRC-Raycast-Laser"},"content":{"rendered":"<p>VRC-Raycast-Laser ist ein benutzerdefiniertes Tool, das f\u00fcr die Verwendung in VRChat entwickelt wurde und es dem Benutzer erm\u00f6glicht, Laserstrahlen und Punkt-Plotter in der VR-Umgebung zu erstellen. Das Tool nutzt Raycasting, um realistisch aussehende Laserstrahlen zu erzeugen und erlaubt die Anpassung verschiedener Einstellungen, einschlie\u00dflich Laserfarbe, -l\u00e4nge und -st\u00e4rke. Dar\u00fcber hinaus enth\u00e4lt VRC-Raycast-Laser eine Punktplotter-Funktion, mit der Benutzer verschiedene Punkte in der VR-Umgebung erstellen und anzeigen k\u00f6nnen, was es f\u00fcr Pr\u00e4sentationen und Bildungszwecke n\u00fctzlich macht. Mit seiner benutzerfreundlichen Oberfl\u00e4che und den anpassbaren Einstellungen ist VRC-Raycast-Laser ein gro\u00dfartiges Werkzeug f\u00fcr alle, die ein einzigartiges und interaktives Element zu ihrem VRChat-Erlebnis hinzuf\u00fcgen m\u00f6chten.<\/p>\n","protected":false},"excerpt":{"rendered":"<p><a class=\"linkbutton\" href=\"https:\/\/github.com\/Pokeyi\/VRC-Raycast-Laser\"target=_blank rel=\"noopener\">Website<\/a><\/p>\n","protected":false},"featured_media":4816,"template":"","meta":[],"product_cat":[228],"product_tag":[],"_links":{"self":[{"href":"https:\/\/revealing-project.eu\/de\/wp-json\/wp\/v2\/product\/5582"}],"collection":[{"href":"https:\/\/revealing-project.eu\/de\/wp-json\/wp\/v2\/product"}],"about":[{"href":"https:\/\/revealing-project.eu\/de\/wp-json\/wp\/v2\/types\/product"}],"wp:featuredmedia":[{"embeddable":true,"href":"https:\/\/revealing-project.eu\/de\/wp-json\/wp\/v2\/media\/4816"}],"wp:attachment":[{"href":"https:\/\/revealing-project.eu\/de\/wp-json\/wp\/v2\/media?parent=5582"}],"wp:term":[{"taxonomy":"product_cat","embeddable":true,"href":"https:\/\/revealing-project.eu\/de\/wp-json\/wp\/v2\/product_cat?post=5582"},{"taxonomy":"product_tag","embeddable":true,"href":"https:\/\/revealing-project.eu\/de\/wp-json\/wp\/v2\/product_tag?post=5582"}],"curies":[{"name":"wp","href":"https:\/\/api.w.org\/{rel}","templated":true}]}}