{"id":5583,"date":"2023-07-21T16:20:48","date_gmt":"2023-07-21T13:20:48","guid":{"rendered":"https:\/\/revealing-project.eu\/product\/readyplayer-me\/"},"modified":"2023-07-21T16:20:51","modified_gmt":"2023-07-21T13:20:51","slug":"readyplayer-me","status":"publish","type":"product","link":"https:\/\/revealing-project.eu\/de\/produkt\/readyplayer-me\/","title":{"rendered":"Readyplayer.me"},"content":{"rendered":"<p>Readyplayer.me ist eine Online-Plattform, die es Benutzern erm\u00f6glicht, schnell und einfach eigene Avatare f\u00fcr die Verwendung in VRChat und anderen virtuellen Umgebungen zu erstellen. Die Plattform enth\u00e4lt eine Reihe von vorgefertigten 3D-Modellen und Texturen, die zu einem einzigartigen Avatar kombiniert werden k\u00f6nnen. Dar\u00fcber hinaus k\u00f6nnen die Benutzer ihre eigenen Bilder hochladen und diese verwenden, um ihren Avatar noch weiter zu individualisieren. Readyplayer.me ist kostenlos und erfordert keine spezielle Software oder technisches Fachwissen, was es zu einer guten Wahl f\u00fcr Benutzer macht, die eine einfache und schnelle M\u00f6glichkeit suchen, einen individuellen Avatar zu erstellen.<\/p>\n","protected":false},"excerpt":{"rendered":"<p><a class=\"linkbutton\" href=\"https:\/\/readyplayer.me\/pt\"target=_blank rel=\"noopener\">Website<\/a><\/p>\n","protected":false},"featured_media":4821,"template":"","meta":[],"product_cat":[228],"product_tag":[],"_links":{"self":[{"href":"https:\/\/revealing-project.eu\/de\/wp-json\/wp\/v2\/product\/5583"}],"collection":[{"href":"https:\/\/revealing-project.eu\/de\/wp-json\/wp\/v2\/product"}],"about":[{"href":"https:\/\/revealing-project.eu\/de\/wp-json\/wp\/v2\/types\/product"}],"wp:featuredmedia":[{"embeddable":true,"href":"https:\/\/revealing-project.eu\/de\/wp-json\/wp\/v2\/media\/4821"}],"wp:attachment":[{"href":"https:\/\/revealing-project.eu\/de\/wp-json\/wp\/v2\/media?parent=5583"}],"wp:term":[{"taxonomy":"product_cat","embeddable":true,"href":"https:\/\/revealing-project.eu\/de\/wp-json\/wp\/v2\/product_cat?post=5583"},{"taxonomy":"product_tag","embeddable":true,"href":"https:\/\/revealing-project.eu\/de\/wp-json\/wp\/v2\/product_tag?post=5583"}],"curies":[{"name":"wp","href":"https:\/\/api.w.org\/{rel}","templated":true}]}}