{"id":5584,"date":"2023-07-21T16:20:48","date_gmt":"2023-07-21T13:20:48","guid":{"rendered":"https:\/\/revealing-project.eu\/product\/create-telegram-stickers-from-your-vrchat-avatar\/"},"modified":"2023-07-21T16:20:51","modified_gmt":"2023-07-21T13:20:51","slug":"create-telegram-stickers-from-your-vrchat-avatar","status":"publish","type":"product","link":"https:\/\/revealing-project.eu\/de\/produkt\/create-telegram-stickers-from-your-vrchat-avatar\/","title":{"rendered":"Create Telegram stickers from your VRChat avatar"},"content":{"rendered":"<p>Das Tool &#8222;Create Telegram stickers from your VRChat avatar&#8220; (Telegram-Aufkleber aus deinem VRChat-Avatar erstellen) ist eine einfache und lustige M\u00f6glichkeit, deinen VRChat-Avatar in benutzerdefinierte Aufkleber zu verwandeln, die in Telegram-Chats verwendet werden k\u00f6nnen. Mit diesem Tool kannst du einen Screenshot deines Avatars in VRChat machen und dann das Bild zuschneiden und bearbeiten, um einen einzigartigen und ausdrucksstarken Sticker zu erstellen. Das Tool ist einfach zu bedienen und erfordert keine besonderen F\u00e4higkeiten oder Kenntnisse, so dass es f\u00fcr Benutzer aller Erfahrungsstufen zug\u00e4nglich ist.<\/p>\n","protected":false},"excerpt":{"rendered":"<p><a class=\"linkbutton\" href=\"https:\/\/www.vrcarena.com\/assets\/9b376723-8690-4065-90e1-5702e16c1489\"target=_blank rel=\"noopener\">Website<\/a><\/p>\n","protected":false},"featured_media":4826,"template":"","meta":[],"product_cat":[228],"product_tag":[],"_links":{"self":[{"href":"https:\/\/revealing-project.eu\/de\/wp-json\/wp\/v2\/product\/5584"}],"collection":[{"href":"https:\/\/revealing-project.eu\/de\/wp-json\/wp\/v2\/product"}],"about":[{"href":"https:\/\/revealing-project.eu\/de\/wp-json\/wp\/v2\/types\/product"}],"wp:featuredmedia":[{"embeddable":true,"href":"https:\/\/revealing-project.eu\/de\/wp-json\/wp\/v2\/media\/4826"}],"wp:attachment":[{"href":"https:\/\/revealing-project.eu\/de\/wp-json\/wp\/v2\/media?parent=5584"}],"wp:term":[{"taxonomy":"product_cat","embeddable":true,"href":"https:\/\/revealing-project.eu\/de\/wp-json\/wp\/v2\/product_cat?post=5584"},{"taxonomy":"product_tag","embeddable":true,"href":"https:\/\/revealing-project.eu\/de\/wp-json\/wp\/v2\/product_tag?post=5584"}],"curies":[{"name":"wp","href":"https:\/\/api.w.org\/{rel}","templated":true}]}}