{"id":5585,"date":"2023-07-21T16:20:48","date_gmt":"2023-07-21T13:20:48","guid":{"rendered":"https:\/\/revealing-project.eu\/product\/vrc-addon-installer\/"},"modified":"2023-07-21T16:20:52","modified_gmt":"2023-07-21T13:20:52","slug":"vrc-addon-installer","status":"publish","type":"product","link":"https:\/\/revealing-project.eu\/de\/produkt\/vrc-addon-installer\/","title":{"rendered":"VRC Addon Installer"},"content":{"rendered":"<p>Der VRC Addon Installer ist ein hilfreiches Tool, das den Prozess der Installation von Add-ons f\u00fcr VRChat vereinfacht. Mit diesem Tool k\u00f6nnen Benutzer einfach eine Bibliothek von VRChat-Add-ons durchsuchen und sie mit nur wenigen Klicks installieren. Das Tool ist benutzerfreundlich und intuitiv gestaltet, auch f\u00fcr Benutzer, die neu in VRChat sind oder nicht viel technisches Wissen haben. Dar\u00fcber hinaus enth\u00e4lt der VRC Addon Installer Funktionen wie automatische Updates, so dass die Benutzer sicher sein k\u00f6nnen, dass sie immer die neuesten Versionen ihrer installierten Add-ons verwenden. Insgesamt kann der VRC Addon Installer ein wertvolles Werkzeug f\u00fcr jeden sein, der seine VRChat Erfahrung mit zus\u00e4tzlichen Features und Funktionen erweitern m\u00f6chte.<\/p>\n","protected":false},"excerpt":{"rendered":"<p><a class=\"linkbutton\" href=\"https:\/\/www.vrcarena.com\/assets\/2c0fa4df-8d6b-4b38-bf2f-2df685b89b09\"target=_blank rel=\"noopener\">Website<\/a><\/p>\n","protected":false},"featured_media":4826,"template":"","meta":[],"product_cat":[228],"product_tag":[],"_links":{"self":[{"href":"https:\/\/revealing-project.eu\/de\/wp-json\/wp\/v2\/product\/5585"}],"collection":[{"href":"https:\/\/revealing-project.eu\/de\/wp-json\/wp\/v2\/product"}],"about":[{"href":"https:\/\/revealing-project.eu\/de\/wp-json\/wp\/v2\/types\/product"}],"wp:featuredmedia":[{"embeddable":true,"href":"https:\/\/revealing-project.eu\/de\/wp-json\/wp\/v2\/media\/4826"}],"wp:attachment":[{"href":"https:\/\/revealing-project.eu\/de\/wp-json\/wp\/v2\/media?parent=5585"}],"wp:term":[{"taxonomy":"product_cat","embeddable":true,"href":"https:\/\/revealing-project.eu\/de\/wp-json\/wp\/v2\/product_cat?post=5585"},{"taxonomy":"product_tag","embeddable":true,"href":"https:\/\/revealing-project.eu\/de\/wp-json\/wp\/v2\/product_tag?post=5585"}],"curies":[{"name":"wp","href":"https:\/\/api.w.org\/{rel}","templated":true}]}}