{"id":5586,"date":"2023-07-21T16:20:48","date_gmt":"2023-07-21T13:20:48","guid":{"rendered":"https:\/\/revealing-project.eu\/product\/vrc-world-prefabs\/"},"modified":"2023-07-21T16:20:52","modified_gmt":"2023-07-21T13:20:52","slug":"vrc-world-prefabs","status":"publish","type":"product","link":"https:\/\/revealing-project.eu\/de\/produkt\/vrc-world-prefabs\/","title":{"rendered":"VRC World Prefabs"},"content":{"rendered":"<p>VRC World Prefabs sind vorgefertigte VRChat Welten, die Ersteller als Ausgangspunkt f\u00fcr ihre eigenen Kreationen verwenden k\u00f6nnen. Diese vorgefertigten Welten werden von VRChat zur Verf\u00fcgung gestellt und umfassen eine Vielzahl verschiedener Welttypen, wie z.B. Nachtclubs, Fantasielandschaften und Sci-Fi Umgebungen. Sie sind so konzipiert, dass sie einfach zu benutzen und anzupassen sind, so dass Sch\u00f6pfer ihre eigenen Elemente \u00e4ndern und hinzuf\u00fcgen k\u00f6nnen, um eine einzigartige Erfahrung zu schaffen. VRC World Prefabs k\u00f6nnen ein n\u00fctzliches Werkzeug f\u00fcr VRChat-Ersteller sein, die Zeit sparen und mit einer vorgefertigten Welt beginnen wollen, die sie nach ihren Bed\u00fcrfnissen ver\u00e4ndern k\u00f6nnen. Au\u00dferdem k\u00f6nnen sie eine wertvolle Ressource f\u00fcr VRChat-Benutzer sein, die auf der Suche nach neuen und interessanten Welten sind, die sie auf der Plattform erkunden k\u00f6nnen.<\/p>\n","protected":false},"excerpt":{"rendered":"<p><a class=\"linkbutton\" href=\"https:\/\/vrcprefabs.com\"target=_blank rel=\"noopener\">Website<\/a><\/p>\n","protected":false},"featured_media":4831,"template":"","meta":[],"product_cat":[228],"product_tag":[],"_links":{"self":[{"href":"https:\/\/revealing-project.eu\/de\/wp-json\/wp\/v2\/product\/5586"}],"collection":[{"href":"https:\/\/revealing-project.eu\/de\/wp-json\/wp\/v2\/product"}],"about":[{"href":"https:\/\/revealing-project.eu\/de\/wp-json\/wp\/v2\/types\/product"}],"wp:featuredmedia":[{"embeddable":true,"href":"https:\/\/revealing-project.eu\/de\/wp-json\/wp\/v2\/media\/4831"}],"wp:attachment":[{"href":"https:\/\/revealing-project.eu\/de\/wp-json\/wp\/v2\/media?parent=5586"}],"wp:term":[{"taxonomy":"product_cat","embeddable":true,"href":"https:\/\/revealing-project.eu\/de\/wp-json\/wp\/v2\/product_cat?post=5586"},{"taxonomy":"product_tag","embeddable":true,"href":"https:\/\/revealing-project.eu\/de\/wp-json\/wp\/v2\/product_tag?post=5586"}],"curies":[{"name":"wp","href":"https:\/\/api.w.org\/{rel}","templated":true}]}}