{"id":5587,"date":"2023-07-21T16:20:48","date_gmt":"2023-07-21T13:20:48","guid":{"rendered":"https:\/\/revealing-project.eu\/product\/vrcx\/"},"modified":"2023-07-21T16:20:52","modified_gmt":"2023-07-21T13:20:52","slug":"vrcx","status":"publish","type":"product","link":"https:\/\/revealing-project.eu\/de\/produkt\/vrcx\/","title":{"rendered":"VRCX"},"content":{"rendered":"<p>VRCX ist ein Drittanbieter-Tool f\u00fcr VRChat, das den Nutzern verschiedene Features und Funktionen bietet. Es wurde entwickelt, um die Benutzererfahrung zu verbessern, indem es Funktionen wie automatisches Stummschalten und Blockieren bestimmter Spieler, detaillierte Leistungsstatistiken und die M\u00f6glichkeit zum Anzeigen und Herunterladen von Avataren und Welten innerhalb der App bietet. VRCX enth\u00e4lt auch ein Freundesystem, mit dem die Benutzer ihre VRChat-Freundesliste verwalten, ihren Online-Status einsehen und sehen k\u00f6nnen, in welcher Welt sie sich gerade befinden. Insgesamt kann VRCX ein n\u00fctzliches Tool f\u00fcr VRChat-Benutzer sein, die ihre Erfahrung optimieren und auf zus\u00e4tzliche Funktionen und Informationen zugreifen m\u00f6chten, die in der Basisanwendung VRChat nicht verf\u00fcgbar sind.<\/p>\n","protected":false},"excerpt":{"rendered":"<p><a class=\"linkbutton\" href=\"https:\/\/github.com\/vrcx-team\/VRCX\"target=_blank rel=\"noopener\">Website<\/a><\/p>\n","protected":false},"featured_media":4831,"template":"","meta":[],"product_cat":[228],"product_tag":[],"_links":{"self":[{"href":"https:\/\/revealing-project.eu\/de\/wp-json\/wp\/v2\/product\/5587"}],"collection":[{"href":"https:\/\/revealing-project.eu\/de\/wp-json\/wp\/v2\/product"}],"about":[{"href":"https:\/\/revealing-project.eu\/de\/wp-json\/wp\/v2\/types\/product"}],"wp:featuredmedia":[{"embeddable":true,"href":"https:\/\/revealing-project.eu\/de\/wp-json\/wp\/v2\/media\/4831"}],"wp:attachment":[{"href":"https:\/\/revealing-project.eu\/de\/wp-json\/wp\/v2\/media?parent=5587"}],"wp:term":[{"taxonomy":"product_cat","embeddable":true,"href":"https:\/\/revealing-project.eu\/de\/wp-json\/wp\/v2\/product_cat?post=5587"},{"taxonomy":"product_tag","embeddable":true,"href":"https:\/\/revealing-project.eu\/de\/wp-json\/wp\/v2\/product_tag?post=5587"}],"curies":[{"name":"wp","href":"https:\/\/api.w.org\/{rel}","templated":true}]}}