{"id":5588,"date":"2023-07-21T16:20:48","date_gmt":"2023-07-21T13:20:48","guid":{"rendered":"https:\/\/revealing-project.eu\/product\/vrcoscspotify\/"},"modified":"2023-07-21T16:20:52","modified_gmt":"2023-07-21T13:20:52","slug":"vrcoscspotify","status":"publish","type":"product","link":"https:\/\/revealing-project.eu\/de\/produkt\/vrcoscspotify\/","title":{"rendered":"VRCOSCSpotify"},"content":{"rendered":"<p>VRCOSCSpotify ist ein Tool, das es VRChat-Erstellern erm\u00f6glicht, Spotify-Musik in ihre VRChat-Welten zu integrieren. Mit VRCOSCSpotify k\u00f6nnen Ersteller OSC-Nachrichten (Open Sound Control) verwenden, um die Spotify-Wiedergabe in VRChat zu steuern. Dies erm\u00f6glicht ein noch intensiveres Erlebnis, bei dem Benutzer Musik h\u00f6ren k\u00f6nnen, w\u00e4hrend sie eine benutzerdefinierte VRChat-Welt erkunden. VRCOSCSpotify enth\u00e4lt auch Funktionen zur Anpassung der Wiedergabesteuerung und zum Erstellen von Wiedergabelisten.<\/p>\n","protected":false},"excerpt":{"rendered":"<p><a class=\"linkbutton\" href=\"https:\/\/github.com\/lenoobwastaken\/VRCOSCUtils\"target=_blank rel=\"noopener\">Website<\/a><\/p>\n","protected":false},"featured_media":4475,"template":"","meta":[],"product_cat":[228],"product_tag":[],"_links":{"self":[{"href":"https:\/\/revealing-project.eu\/de\/wp-json\/wp\/v2\/product\/5588"}],"collection":[{"href":"https:\/\/revealing-project.eu\/de\/wp-json\/wp\/v2\/product"}],"about":[{"href":"https:\/\/revealing-project.eu\/de\/wp-json\/wp\/v2\/types\/product"}],"wp:featuredmedia":[{"embeddable":true,"href":"https:\/\/revealing-project.eu\/de\/wp-json\/wp\/v2\/media\/4475"}],"wp:attachment":[{"href":"https:\/\/revealing-project.eu\/de\/wp-json\/wp\/v2\/media?parent=5588"}],"wp:term":[{"taxonomy":"product_cat","embeddable":true,"href":"https:\/\/revealing-project.eu\/de\/wp-json\/wp\/v2\/product_cat?post=5588"},{"taxonomy":"product_tag","embeddable":true,"href":"https:\/\/revealing-project.eu\/de\/wp-json\/wp\/v2\/product_tag?post=5588"}],"curies":[{"name":"wp","href":"https:\/\/api.w.org\/{rel}","templated":true}]}}