{"id":5589,"date":"2023-07-21T16:20:54","date_gmt":"2023-07-21T13:20:54","guid":{"rendered":"https:\/\/revealing-project.eu\/product\/vrctextboxosc\/"},"modified":"2023-07-21T16:20:54","modified_gmt":"2023-07-21T13:20:54","slug":"vrctextboxosc","status":"publish","type":"product","link":"https:\/\/revealing-project.eu\/de\/produkt\/vrctextboxosc\/","title":{"rendered":"VRCTextboxOSC"},"content":{"rendered":"<p>VRCTextboxOSC ist ein Werkzeug, das es VRChat-Erstellern erm\u00f6glicht, OSC-Nachrichten (Open Sound Control) von externen Quellen zu empfangen und sie als Text in VRChat anzuzeigen. Dieses Tool ist besonders n\u00fctzlich f\u00fcr Bildungszwecke, da es die Echtzeit-Kommunikation zwischen einer externen Anwendung (wie z.B. einer Pr\u00e4sentationssoftware oder Programmierumgebung) und VRChat erm\u00f6glicht. VRCTextboxOSC bietet ein anpassbares Textfeld, das in VRChat-Welten positioniert und in der Gr\u00f6\u00dfe ver\u00e4ndert werden kann und verschiedene Textformatierungsoptionen unterst\u00fctzt. Dieses Tool er\u00f6ffnet M\u00f6glichkeiten f\u00fcr interaktive Bildungserfahrungen innerhalb von VRChat, in denen Sch\u00fclerInnen lernen und in Echtzeit miteinander und mit Lehrkr\u00e4ften kommunizieren k\u00f6nnen.<\/p>\n","protected":false},"excerpt":{"rendered":"<p><a class=\"linkbutton\" href=\"https:\/\/github.com\/I5UCC\/VRCTextboxOSC\"target=_blank rel=\"noopener\">Website<\/a><\/p>\n","protected":false},"featured_media":4480,"template":"","meta":[],"product_cat":[228],"product_tag":[],"_links":{"self":[{"href":"https:\/\/revealing-project.eu\/de\/wp-json\/wp\/v2\/product\/5589"}],"collection":[{"href":"https:\/\/revealing-project.eu\/de\/wp-json\/wp\/v2\/product"}],"about":[{"href":"https:\/\/revealing-project.eu\/de\/wp-json\/wp\/v2\/types\/product"}],"wp:featuredmedia":[{"embeddable":true,"href":"https:\/\/revealing-project.eu\/de\/wp-json\/wp\/v2\/media\/4480"}],"wp:attachment":[{"href":"https:\/\/revealing-project.eu\/de\/wp-json\/wp\/v2\/media?parent=5589"}],"wp:term":[{"taxonomy":"product_cat","embeddable":true,"href":"https:\/\/revealing-project.eu\/de\/wp-json\/wp\/v2\/product_cat?post=5589"},{"taxonomy":"product_tag","embeddable":true,"href":"https:\/\/revealing-project.eu\/de\/wp-json\/wp\/v2\/product_tag?post=5589"}],"curies":[{"name":"wp","href":"https:\/\/api.w.org\/{rel}","templated":true}]}}