{"id":5590,"date":"2023-07-21T16:20:54","date_gmt":"2023-07-21T13:20:54","guid":{"rendered":"https:\/\/revealing-project.eu\/product\/quickmaterialswap\/"},"modified":"2023-07-21T16:20:54","modified_gmt":"2023-07-21T13:20:54","slug":"quickmaterialswap","status":"publish","type":"product","link":"https:\/\/revealing-project.eu\/de\/produkt\/quickmaterialswap\/","title":{"rendered":"QuickMaterialSwap"},"content":{"rendered":"<p>QuickMaterialSwap ist ein Werkzeug, das den Prozess des Materialwechsels bei Objekten in VRChat vereinfacht. Es erm\u00f6glicht Erstellern, Materialien mit nur wenigen Klicks auszutauschen, so dass \u00c4nderungen und Aktualisierungen an ihren VRChat-Welten schneller und einfacher vorgenommen werden k\u00f6nnen. Mit QuickMaterialSwap k\u00f6nnen Ersteller Objekte in ihrer Welt ausw\u00e4hlen und deren Materialien durch solche aus einer bereits vorhandenen Liste ersetzen oder neue Materialien importieren, um sie der Liste hinzuzuf\u00fcgen. Dieses Tool kann Erstellern viel Zeit und M\u00fche ersparen, besonders wenn sie an gro\u00dfen und komplexen VRChat-Welten arbeiten, die h\u00e4ufige Material\u00e4nderungen erfordern.<\/p>\n","protected":false},"excerpt":{"rendered":"<p><a class=\"linkbutton\" href=\"https:\/\/github.com\/NotAKidOnSteam\/QuickMaterialSwap\"target=_blank rel=\"noopener\">Website<\/a><\/p>\n","protected":false},"featured_media":4440,"template":"","meta":[],"product_cat":[228],"product_tag":[],"_links":{"self":[{"href":"https:\/\/revealing-project.eu\/de\/wp-json\/wp\/v2\/product\/5590"}],"collection":[{"href":"https:\/\/revealing-project.eu\/de\/wp-json\/wp\/v2\/product"}],"about":[{"href":"https:\/\/revealing-project.eu\/de\/wp-json\/wp\/v2\/types\/product"}],"wp:featuredmedia":[{"embeddable":true,"href":"https:\/\/revealing-project.eu\/de\/wp-json\/wp\/v2\/media\/4440"}],"wp:attachment":[{"href":"https:\/\/revealing-project.eu\/de\/wp-json\/wp\/v2\/media?parent=5590"}],"wp:term":[{"taxonomy":"product_cat","embeddable":true,"href":"https:\/\/revealing-project.eu\/de\/wp-json\/wp\/v2\/product_cat?post=5590"},{"taxonomy":"product_tag","embeddable":true,"href":"https:\/\/revealing-project.eu\/de\/wp-json\/wp\/v2\/product_tag?post=5590"}],"curies":[{"name":"wp","href":"https:\/\/api.w.org\/{rel}","templated":true}]}}