{"id":5591,"date":"2023-07-21T16:20:54","date_gmt":"2023-07-21T13:20:54","guid":{"rendered":"https:\/\/revealing-project.eu\/product\/vrc-yt\/"},"modified":"2023-07-21T16:20:54","modified_gmt":"2023-07-21T13:20:54","slug":"vrc-yt","status":"publish","type":"product","link":"https:\/\/revealing-project.eu\/de\/produkt\/vrc-yt\/","title":{"rendered":"VRC-YT"},"content":{"rendered":"<p>VRC-YT ist ein Open-Source-Projekt, das die plattform\u00fcbergreifende Wiedergabe von YouTube-Videos innerhalb der Virtual-Reality-Plattform VRChat erm\u00f6glicht. Es umfasst ein Proxy-Paket, mit dem Benutzer \u00fcber einen \u00f6ffentlichen Proxy auf YouTube-Videos zugreifen oder ihre eigene Instanz selbst hosten k\u00f6nnen. Dieses Tool verbessert das VRChat-Erlebnis, indem es den Benutzern erm\u00f6glicht, YouTube-Videos einfach in die virtuelle Welt zu integrieren und anzusehen.<\/p>\n","protected":false},"excerpt":{"rendered":"<p><a class=\"linkbutton\" href=\"https:\/\/github.com\/ShayBox\/VRC-YT\"target=_blank rel=\"noopener\">Website<\/a><\/p>\n","protected":false},"featured_media":4455,"template":"","meta":[],"product_cat":[228],"product_tag":[],"_links":{"self":[{"href":"https:\/\/revealing-project.eu\/de\/wp-json\/wp\/v2\/product\/5591"}],"collection":[{"href":"https:\/\/revealing-project.eu\/de\/wp-json\/wp\/v2\/product"}],"about":[{"href":"https:\/\/revealing-project.eu\/de\/wp-json\/wp\/v2\/types\/product"}],"wp:featuredmedia":[{"embeddable":true,"href":"https:\/\/revealing-project.eu\/de\/wp-json\/wp\/v2\/media\/4455"}],"wp:attachment":[{"href":"https:\/\/revealing-project.eu\/de\/wp-json\/wp\/v2\/media?parent=5591"}],"wp:term":[{"taxonomy":"product_cat","embeddable":true,"href":"https:\/\/revealing-project.eu\/de\/wp-json\/wp\/v2\/product_cat?post=5591"},{"taxonomy":"product_tag","embeddable":true,"href":"https:\/\/revealing-project.eu\/de\/wp-json\/wp\/v2\/product_tag?post=5591"}],"curies":[{"name":"wp","href":"https:\/\/api.w.org\/{rel}","templated":true}]}}