{"id":5593,"date":"2023-07-21T16:20:54","date_gmt":"2023-07-21T13:20:54","guid":{"rendered":"https:\/\/revealing-project.eu\/product\/vrctextboxosc-2\/"},"modified":"2023-07-21T16:20:55","modified_gmt":"2023-07-21T13:20:55","slug":"vrctextboxosc-2","status":"publish","type":"product","link":"https:\/\/revealing-project.eu\/de\/produkt\/vrctextboxosc-2\/","title":{"rendered":"VRCTextboxOSC"},"content":{"rendered":"<p>VRCTextboxOSC ist eine Anwendung, die die Kommunikation mit dem Text-Chat-System von VRChat \u00fcber das Open Sound Control (OSC) Protokoll erm\u00f6glicht. Es erm\u00f6glicht Ihnen, Nachrichten in einer externen Anwendung zu schreiben und sie in Echtzeit an den Text-Chat von VRChat zu senden. Dies kann n\u00fctzlich sein, wenn Sie es einfacher finden, auf einer physischen Tastatur zu tippen, anstatt die virtuelle Tastatur des Spiels zu benutzen.<\/p>\n","protected":false},"excerpt":{"rendered":"<p><a class=\"linkbutton\" href=\"https:\/\/github.com\/I5UCC\/VRCTextboxOSC\"target=_blank rel=\"noopener\">Website<\/a><\/p>\n","protected":false},"featured_media":4480,"template":"","meta":[],"product_cat":[228],"product_tag":[],"_links":{"self":[{"href":"https:\/\/revealing-project.eu\/de\/wp-json\/wp\/v2\/product\/5593"}],"collection":[{"href":"https:\/\/revealing-project.eu\/de\/wp-json\/wp\/v2\/product"}],"about":[{"href":"https:\/\/revealing-project.eu\/de\/wp-json\/wp\/v2\/types\/product"}],"wp:featuredmedia":[{"embeddable":true,"href":"https:\/\/revealing-project.eu\/de\/wp-json\/wp\/v2\/media\/4480"}],"wp:attachment":[{"href":"https:\/\/revealing-project.eu\/de\/wp-json\/wp\/v2\/media?parent=5593"}],"wp:term":[{"taxonomy":"product_cat","embeddable":true,"href":"https:\/\/revealing-project.eu\/de\/wp-json\/wp\/v2\/product_cat?post=5593"},{"taxonomy":"product_tag","embeddable":true,"href":"https:\/\/revealing-project.eu\/de\/wp-json\/wp\/v2\/product_tag?post=5593"}],"curies":[{"name":"wp","href":"https:\/\/api.w.org\/{rel}","templated":true}]}}