{"id":5595,"date":"2023-07-21T16:20:54","date_gmt":"2023-07-21T13:20:54","guid":{"rendered":"https:\/\/revealing-project.eu\/product\/vrchat-expression-utility\/"},"modified":"2023-07-21T16:20:56","modified_gmt":"2023-07-21T13:20:56","slug":"vrchat-expression-utility","status":"publish","type":"product","link":"https:\/\/revealing-project.eu\/de\/produkt\/vrchat-expression-utility\/","title":{"rendered":"VRChat-Expression-Utility"},"content":{"rendered":"<p>VRChat-Expression-Utility ist ein Software-Tool, das den Prozess der Erstellung neuer Ausdr\u00fccke f\u00fcr VRChat-Avatare vereinfacht. Anstatt Parameter, Ebenen, \u00dcberg\u00e4nge und Bedingungen manuell abzugleichen, hilft Expression Utility, den Prozess zu rationalisieren, so dass Sie sich auf die Erstellung der Ausdr\u00fccke konzentrieren k\u00f6nnen.<\/p>\n","protected":false},"excerpt":{"rendered":"<p><a class=\"linkbutton\" href=\"https:\/\/github.com\/blepmlem\/VRChat-Expression-Utility\"target=_blank rel=\"noopener\">Website<\/a><\/p>\n","protected":false},"featured_media":4470,"template":"","meta":[],"product_cat":[228],"product_tag":[],"_links":{"self":[{"href":"https:\/\/revealing-project.eu\/de\/wp-json\/wp\/v2\/product\/5595"}],"collection":[{"href":"https:\/\/revealing-project.eu\/de\/wp-json\/wp\/v2\/product"}],"about":[{"href":"https:\/\/revealing-project.eu\/de\/wp-json\/wp\/v2\/types\/product"}],"wp:featuredmedia":[{"embeddable":true,"href":"https:\/\/revealing-project.eu\/de\/wp-json\/wp\/v2\/media\/4470"}],"wp:attachment":[{"href":"https:\/\/revealing-project.eu\/de\/wp-json\/wp\/v2\/media?parent=5595"}],"wp:term":[{"taxonomy":"product_cat","embeddable":true,"href":"https:\/\/revealing-project.eu\/de\/wp-json\/wp\/v2\/product_cat?post=5595"},{"taxonomy":"product_tag","embeddable":true,"href":"https:\/\/revealing-project.eu\/de\/wp-json\/wp\/v2\/product_tag?post=5595"}],"curies":[{"name":"wp","href":"https:\/\/api.w.org\/{rel}","templated":true}]}}