{"id":5597,"date":"2023-07-21T16:20:54","date_gmt":"2023-07-21T13:20:54","guid":{"rendered":"https:\/\/revealing-project.eu\/product\/remod-core\/"},"modified":"2023-07-21T16:20:56","modified_gmt":"2023-07-21T13:20:56","slug":"remod-core","status":"publish","type":"product","link":"https:\/\/revealing-project.eu\/de\/produkt\/remod-core\/","title":{"rendered":"ReMod.Core"},"content":{"rendered":"<p>ReMod.Core ist ein Tool, das als Kernabh\u00e4ngigkeit f\u00fcr ReMod und ReModCE verwendet wurde, die VRChat-Mods, die von RequiDev erstellt wurden. Es stellt verschiedene Hilfsfunktionen, Wrapper und UI-Klassen zur Verf\u00fcgung, um die Erstellung von Benutzeroberfl\u00e4chen f\u00fcr VRChat zu erleichtern.<\/p>\n","protected":false},"excerpt":{"rendered":"<p><a class=\"linkbutton\" href=\"https:\/\/github.com\/RequiDev\/ReMod.Core\"target=_blank rel=\"noopener\">Website<\/a><\/p>\n","protected":false},"featured_media":4445,"template":"","meta":[],"product_cat":[228],"product_tag":[],"_links":{"self":[{"href":"https:\/\/revealing-project.eu\/de\/wp-json\/wp\/v2\/product\/5597"}],"collection":[{"href":"https:\/\/revealing-project.eu\/de\/wp-json\/wp\/v2\/product"}],"about":[{"href":"https:\/\/revealing-project.eu\/de\/wp-json\/wp\/v2\/types\/product"}],"wp:featuredmedia":[{"embeddable":true,"href":"https:\/\/revealing-project.eu\/de\/wp-json\/wp\/v2\/media\/4445"}],"wp:attachment":[{"href":"https:\/\/revealing-project.eu\/de\/wp-json\/wp\/v2\/media?parent=5597"}],"wp:term":[{"taxonomy":"product_cat","embeddable":true,"href":"https:\/\/revealing-project.eu\/de\/wp-json\/wp\/v2\/product_cat?post=5597"},{"taxonomy":"product_tag","embeddable":true,"href":"https:\/\/revealing-project.eu\/de\/wp-json\/wp\/v2\/product_tag?post=5597"}],"curies":[{"name":"wp","href":"https:\/\/api.w.org\/{rel}","templated":true}]}}