{"id":5598,"date":"2023-07-21T16:20:54","date_gmt":"2023-07-21T13:20:54","guid":{"rendered":"https:\/\/revealing-project.eu\/product\/dreadscripts\/"},"modified":"2023-07-21T16:20:56","modified_gmt":"2023-07-21T13:20:56","slug":"dreadscripts","status":"publish","type":"product","link":"https:\/\/revealing-project.eu\/de\/produkt\/dreadscripts\/","title":{"rendered":"DreadScripts"},"content":{"rendered":"<p>DreadScripts ist eine Sammlung von Unity-Skripten, die von Dreadrith erstellt wurden. Diese Skripte wurden entwickelt, um die Arbeit mit Unity zu erleichtern, insbesondere f\u00fcr VRChat-Benutzer. Sie sind n\u00fctzlich und einfach zu erstellen und erm\u00f6glichen es dir, einem bestehenden Avatar Funktionen hinzuzuf\u00fcgen.<\/p>\n","protected":false},"excerpt":{"rendered":"<p><a class=\"linkbutton\" href=\"https:\/\/github.com\/Dreadrith\/DreadScripts\"target=_blank rel=\"noopener\">Website<\/a><\/p>\n","protected":false},"featured_media":4430,"template":"","meta":[],"product_cat":[228],"product_tag":[],"_links":{"self":[{"href":"https:\/\/revealing-project.eu\/de\/wp-json\/wp\/v2\/product\/5598"}],"collection":[{"href":"https:\/\/revealing-project.eu\/de\/wp-json\/wp\/v2\/product"}],"about":[{"href":"https:\/\/revealing-project.eu\/de\/wp-json\/wp\/v2\/types\/product"}],"wp:featuredmedia":[{"embeddable":true,"href":"https:\/\/revealing-project.eu\/de\/wp-json\/wp\/v2\/media\/4430"}],"wp:attachment":[{"href":"https:\/\/revealing-project.eu\/de\/wp-json\/wp\/v2\/media?parent=5598"}],"wp:term":[{"taxonomy":"product_cat","embeddable":true,"href":"https:\/\/revealing-project.eu\/de\/wp-json\/wp\/v2\/product_cat?post=5598"},{"taxonomy":"product_tag","embeddable":true,"href":"https:\/\/revealing-project.eu\/de\/wp-json\/wp\/v2\/product_tag?post=5598"}],"curies":[{"name":"wp","href":"https:\/\/api.w.org\/{rel}","templated":true}]}}