{"id":5599,"date":"2023-07-21T16:20:54","date_gmt":"2023-07-21T13:20:54","guid":{"rendered":"https:\/\/revealing-project.eu\/product\/vrcfury\/"},"modified":"2023-07-21T16:20:57","modified_gmt":"2023-07-21T13:20:57","slug":"vrcfury","status":"publish","type":"product","link":"https:\/\/revealing-project.eu\/de\/produkt\/vrcfury\/","title":{"rendered":"VRCFury"},"content":{"rendered":"<p>VRCFury ist ein vielseitiges Toolkit, das speziell f\u00fcr VRChat-Avatare entwickelt wurde und es Benutzern erm\u00f6glicht, ihre Avatare auf nicht-destruktive Weise zu personalisieren. Das Toolkit bietet eine intuitive grafische Oberfl\u00e4che innerhalb der Unity-Spiele-Engine, die es den Benutzern erm\u00f6glicht, Toggles, Gesten und Item-Modi mit Leichtigkeit zu erstellen und zu definieren. Durch die Verwendung von VRCFury k\u00f6nnen Benutzer ihre VRChat-Avatare mit gr\u00f6\u00dferer Flexibilit\u00e4t und Pr\u00e4zision anpassen, w\u00e4hrend die urspr\u00fcngliche Avatarstruktur und -animationen erhalten bleiben.<\/p>\n","protected":false},"excerpt":{"rendered":"<p><a class=\"linkbutton\" href=\"https:\/\/github.com\/VRCFury\/VRCFury\"target=_blank rel=\"noopener\">Website<\/a><\/p>\n","protected":false},"featured_media":4465,"template":"","meta":[],"product_cat":[228],"product_tag":[],"_links":{"self":[{"href":"https:\/\/revealing-project.eu\/de\/wp-json\/wp\/v2\/product\/5599"}],"collection":[{"href":"https:\/\/revealing-project.eu\/de\/wp-json\/wp\/v2\/product"}],"about":[{"href":"https:\/\/revealing-project.eu\/de\/wp-json\/wp\/v2\/types\/product"}],"wp:featuredmedia":[{"embeddable":true,"href":"https:\/\/revealing-project.eu\/de\/wp-json\/wp\/v2\/media\/4465"}],"wp:attachment":[{"href":"https:\/\/revealing-project.eu\/de\/wp-json\/wp\/v2\/media?parent=5599"}],"wp:term":[{"taxonomy":"product_cat","embeddable":true,"href":"https:\/\/revealing-project.eu\/de\/wp-json\/wp\/v2\/product_cat?post=5599"},{"taxonomy":"product_tag","embeddable":true,"href":"https:\/\/revealing-project.eu\/de\/wp-json\/wp\/v2\/product_tag?post=5599"}],"curies":[{"name":"wp","href":"https:\/\/api.w.org\/{rel}","templated":true}]}}