{"id":5602,"date":"2023-07-21T16:20:54","date_gmt":"2023-07-21T13:20:54","guid":{"rendered":"https:\/\/revealing-project.eu\/product\/instavr\/"},"modified":"2023-07-21T16:20:57","modified_gmt":"2023-07-21T13:20:57","slug":"instavr","status":"publish","type":"product","link":"https:\/\/revealing-project.eu\/de\/produkt\/instavr\/","title":{"rendered":"InstaVR"},"content":{"rendered":"<p>InstaVR ist eine webbasierte Plattform, die es jedem erm\u00f6glicht, schnell und einfach ver\u00f6ffentlichungsreife interaktive VR-Apps f\u00fcr alle mobilen und Desktop-Plattformen zu erstellen.<\/p>\n","protected":false},"excerpt":{"rendered":"<p><a class=\"linkbutton\" href=\"https:\/\/www.instavr.co\"target=_blank rel=\"noopener\">Website<\/a><\/p>\n","protected":false},"featured_media":4889,"template":"","meta":[],"product_cat":[230],"product_tag":[],"_links":{"self":[{"href":"https:\/\/revealing-project.eu\/de\/wp-json\/wp\/v2\/product\/5602"}],"collection":[{"href":"https:\/\/revealing-project.eu\/de\/wp-json\/wp\/v2\/product"}],"about":[{"href":"https:\/\/revealing-project.eu\/de\/wp-json\/wp\/v2\/types\/product"}],"wp:featuredmedia":[{"embeddable":true,"href":"https:\/\/revealing-project.eu\/de\/wp-json\/wp\/v2\/media\/4889"}],"wp:attachment":[{"href":"https:\/\/revealing-project.eu\/de\/wp-json\/wp\/v2\/media?parent=5602"}],"wp:term":[{"taxonomy":"product_cat","embeddable":true,"href":"https:\/\/revealing-project.eu\/de\/wp-json\/wp\/v2\/product_cat?post=5602"},{"taxonomy":"product_tag","embeddable":true,"href":"https:\/\/revealing-project.eu\/de\/wp-json\/wp\/v2\/product_tag?post=5602"}],"curies":[{"name":"wp","href":"https:\/\/api.w.org\/{rel}","templated":true}]}}