{"id":5605,"date":"2023-07-21T16:20:54","date_gmt":"2023-07-21T13:20:54","guid":{"rendered":"https:\/\/revealing-project.eu\/product\/situ360\/"},"modified":"2023-07-21T16:20:58","modified_gmt":"2023-07-21T13:20:58","slug":"situ360","status":"publish","type":"product","link":"https:\/\/revealing-project.eu\/de\/produkt\/situ360\/","title":{"rendered":"Situ360"},"content":{"rendered":"<p>SITU360 ist ein Ort, an dem jeder interaktive 360\u00b0- und VR-Erlebnisse direkt \u00fcber einen Browser gestalten kann. Sie k\u00f6nnen diese Erlebnisse dann in sozialen Medien, auf Ihrer eigenen Website, \u00fcber mobile Ger\u00e4te oder in VR teilen. Melden Sie sich einfach an, laden Sie Ihre 360\u00b0-Videos und -Fotos hoch, ziehen Sie interaktive Hotspots, Grafiken und Medien per Drag &#038; Drop und teilen Sie sie mit der Welt. Es ist wirklich so einfach wie das.<\/p>\n","protected":false},"excerpt":{"rendered":"<p><a class=\"linkbutton\" href=\"https:\/\/situ360.com\"target=_blank rel=\"noopener\">Website<\/a><\/p>\n","protected":false},"featured_media":4295,"template":"","meta":[],"product_cat":[230],"product_tag":[],"_links":{"self":[{"href":"https:\/\/revealing-project.eu\/de\/wp-json\/wp\/v2\/product\/5605"}],"collection":[{"href":"https:\/\/revealing-project.eu\/de\/wp-json\/wp\/v2\/product"}],"about":[{"href":"https:\/\/revealing-project.eu\/de\/wp-json\/wp\/v2\/types\/product"}],"wp:featuredmedia":[{"embeddable":true,"href":"https:\/\/revealing-project.eu\/de\/wp-json\/wp\/v2\/media\/4295"}],"wp:attachment":[{"href":"https:\/\/revealing-project.eu\/de\/wp-json\/wp\/v2\/media?parent=5605"}],"wp:term":[{"taxonomy":"product_cat","embeddable":true,"href":"https:\/\/revealing-project.eu\/de\/wp-json\/wp\/v2\/product_cat?post=5605"},{"taxonomy":"product_tag","embeddable":true,"href":"https:\/\/revealing-project.eu\/de\/wp-json\/wp\/v2\/product_tag?post=5605"}],"curies":[{"name":"wp","href":"https:\/\/api.w.org\/{rel}","templated":true}]}}