{"id":5607,"date":"2023-07-21T16:20:54","date_gmt":"2023-07-21T13:20:54","guid":{"rendered":"https:\/\/revealing-project.eu\/product\/unity\/"},"modified":"2023-07-21T16:20:58","modified_gmt":"2023-07-21T13:20:58","slug":"unity","status":"publish","type":"product","link":"https:\/\/revealing-project.eu\/de\/produkt\/unity\/","title":{"rendered":"Unity"},"content":{"rendered":"<p>Mit Unity k\u00f6nnen Benutzer Spiele und Erlebnisse sowohl in 2D als auch in 3D erstellen. Die Engine bietet eine prim\u00e4re Skripting-API in C# unter Verwendung von Mono, sowohl f\u00fcr den Unity-Editor in Form von Plugins als auch f\u00fcr Spiele selbst, sowie Drag-and-Drop-Funktionen.<\/p>\n","protected":false},"excerpt":{"rendered":"<p><a class=\"linkbutton\" href=\"https:\/\/unity.com\"target=_blank rel=\"noopener\">Website<\/a><\/p>\n","protected":false},"featured_media":4360,"template":"","meta":[],"product_cat":[230],"product_tag":[],"_links":{"self":[{"href":"https:\/\/revealing-project.eu\/de\/wp-json\/wp\/v2\/product\/5607"}],"collection":[{"href":"https:\/\/revealing-project.eu\/de\/wp-json\/wp\/v2\/product"}],"about":[{"href":"https:\/\/revealing-project.eu\/de\/wp-json\/wp\/v2\/types\/product"}],"wp:featuredmedia":[{"embeddable":true,"href":"https:\/\/revealing-project.eu\/de\/wp-json\/wp\/v2\/media\/4360"}],"wp:attachment":[{"href":"https:\/\/revealing-project.eu\/de\/wp-json\/wp\/v2\/media?parent=5607"}],"wp:term":[{"taxonomy":"product_cat","embeddable":true,"href":"https:\/\/revealing-project.eu\/de\/wp-json\/wp\/v2\/product_cat?post=5607"},{"taxonomy":"product_tag","embeddable":true,"href":"https:\/\/revealing-project.eu\/de\/wp-json\/wp\/v2\/product_tag?post=5607"}],"curies":[{"name":"wp","href":"https:\/\/api.w.org\/{rel}","templated":true}]}}