{"id":5608,"date":"2023-07-21T16:20:54","date_gmt":"2023-07-21T13:20:54","guid":{"rendered":"https:\/\/revealing-project.eu\/product\/a-frame\/"},"modified":"2023-07-21T16:20:59","modified_gmt":"2023-07-21T13:20:59","slug":"a-frame","status":"publish","type":"product","link":"https:\/\/revealing-project.eu\/de\/produkt\/a-frame\/","title":{"rendered":"A-Frame"},"content":{"rendered":"<p>A-Frame ist ein Open-Source-Framework f\u00fcr die Erstellung von VR-Erlebnissen mit HTML und JavaScript. Es bietet eine einfache, intuitive Syntax f\u00fcr die Erstellung von 3D-Szenen, die in VR betrachtet werden k\u00f6nnen. A-Frame kann in einem Webbrowser oder als Teil einer mobilen Anwendung verwendet werden.<\/p>\n","protected":false},"excerpt":{"rendered":"<p><a class=\"linkbutton\" href=\"https:\/\/aframe.io\"target=_blank rel=\"noopener\">Website<\/a><\/p>\n","protected":false},"featured_media":4050,"template":"","meta":[],"product_cat":[230],"product_tag":[],"_links":{"self":[{"href":"https:\/\/revealing-project.eu\/de\/wp-json\/wp\/v2\/product\/5608"}],"collection":[{"href":"https:\/\/revealing-project.eu\/de\/wp-json\/wp\/v2\/product"}],"about":[{"href":"https:\/\/revealing-project.eu\/de\/wp-json\/wp\/v2\/types\/product"}],"wp:featuredmedia":[{"embeddable":true,"href":"https:\/\/revealing-project.eu\/de\/wp-json\/wp\/v2\/media\/4050"}],"wp:attachment":[{"href":"https:\/\/revealing-project.eu\/de\/wp-json\/wp\/v2\/media?parent=5608"}],"wp:term":[{"taxonomy":"product_cat","embeddable":true,"href":"https:\/\/revealing-project.eu\/de\/wp-json\/wp\/v2\/product_cat?post=5608"},{"taxonomy":"product_tag","embeddable":true,"href":"https:\/\/revealing-project.eu\/de\/wp-json\/wp\/v2\/product_tag?post=5608"}],"curies":[{"name":"wp","href":"https:\/\/api.w.org\/{rel}","templated":true}]}}