{"id":5609,"date":"2023-07-21T16:21:01","date_gmt":"2023-07-21T13:21:01","guid":{"rendered":"https:\/\/revealing-project.eu\/product\/react-360\/"},"modified":"2023-07-21T16:21:01","modified_gmt":"2023-07-21T13:21:01","slug":"react-360","status":"publish","type":"product","link":"https:\/\/revealing-project.eu\/de\/produkt\/react-360\/","title":{"rendered":"React 360"},"content":{"rendered":"<p>React 360 ist ein webbasiertes Framework f\u00fcr die Erstellung von VR-Erlebnissen unter Verwendung der React.js-Bibliothek. React 3630 erm\u00f6glicht es Entwicklern, immersive, interaktive VR-Erlebnisse zu erstellen, die direkt im Browser laufen, ohne dass zus\u00e4tzliche Software oder Plugins erforderlich sind. Das Framework bietet eine Reihe von Komponenten und APIs, die es Entwicklern erm\u00f6glichen, 3D-Szenen zu erstellen, Interaktivit\u00e4t und Animationen hinzuzuf\u00fcgen und mit VR-Hardware zu integrieren.<\/p>\n","protected":false},"excerpt":{"rendered":"<p><a class=\"linkbutton\" href=\"https:\/\/github.com\/facebookarchive\/react-360\"target=_blank rel=\"noopener\">Website<\/a><\/p>\n","protected":false},"featured_media":4894,"template":"","meta":[],"product_cat":[230],"product_tag":[],"_links":{"self":[{"href":"https:\/\/revealing-project.eu\/de\/wp-json\/wp\/v2\/product\/5609"}],"collection":[{"href":"https:\/\/revealing-project.eu\/de\/wp-json\/wp\/v2\/product"}],"about":[{"href":"https:\/\/revealing-project.eu\/de\/wp-json\/wp\/v2\/types\/product"}],"wp:featuredmedia":[{"embeddable":true,"href":"https:\/\/revealing-project.eu\/de\/wp-json\/wp\/v2\/media\/4894"}],"wp:attachment":[{"href":"https:\/\/revealing-project.eu\/de\/wp-json\/wp\/v2\/media?parent=5609"}],"wp:term":[{"taxonomy":"product_cat","embeddable":true,"href":"https:\/\/revealing-project.eu\/de\/wp-json\/wp\/v2\/product_cat?post=5609"},{"taxonomy":"product_tag","embeddable":true,"href":"https:\/\/revealing-project.eu\/de\/wp-json\/wp\/v2\/product_tag?post=5609"}],"curies":[{"name":"wp","href":"https:\/\/api.w.org\/{rel}","templated":true}]}}