{"id":5610,"date":"2023-07-21T16:21:01","date_gmt":"2023-07-21T13:21:01","guid":{"rendered":"https:\/\/revealing-project.eu\/product\/sketchfab\/"},"modified":"2023-07-21T16:21:02","modified_gmt":"2023-07-21T13:21:02","slug":"sketchfab-3","status":"publish","type":"product","link":"https:\/\/revealing-project.eu\/de\/produkt\/sketchfab-3\/","title":{"rendered":"Sketchfab"},"content":{"rendered":"<p>Sketchfab erm\u00f6glicht es den Nutzern, 3D-Inhalte, einschlie\u00dflich Modelle, Animationen und VR-Erlebnisse, zu entdecken, zu ver\u00f6ffentlichen und zu teilen. Es ist bei 3D-K\u00fcnstlern, Designern und Kreativen beliebt, um ihre Arbeit zu pr\u00e4sentieren. Benutzer k\u00f6nnen 3D-Modelle und andere Inhalte in verschiedenen Formaten (inkl. OBJ, FBX, STL) hochladen. Sie k\u00f6nnen Texturen und Materialien anwenden, Animationen hinzuf\u00fcgen und interaktive Erlebnisse schaffen.<\/p>\n","protected":false},"excerpt":{"rendered":"<p><a class=\"linkbutton\" href=\"https:\/\/sketchfab.com\/\"target=_blank rel=\"noopener\">Website<\/a><\/p>\n","protected":false},"featured_media":4300,"template":"","meta":[],"product_cat":[230],"product_tag":[],"_links":{"self":[{"href":"https:\/\/revealing-project.eu\/de\/wp-json\/wp\/v2\/product\/5610"}],"collection":[{"href":"https:\/\/revealing-project.eu\/de\/wp-json\/wp\/v2\/product"}],"about":[{"href":"https:\/\/revealing-project.eu\/de\/wp-json\/wp\/v2\/types\/product"}],"wp:featuredmedia":[{"embeddable":true,"href":"https:\/\/revealing-project.eu\/de\/wp-json\/wp\/v2\/media\/4300"}],"wp:attachment":[{"href":"https:\/\/revealing-project.eu\/de\/wp-json\/wp\/v2\/media?parent=5610"}],"wp:term":[{"taxonomy":"product_cat","embeddable":true,"href":"https:\/\/revealing-project.eu\/de\/wp-json\/wp\/v2\/product_cat?post=5610"},{"taxonomy":"product_tag","embeddable":true,"href":"https:\/\/revealing-project.eu\/de\/wp-json\/wp\/v2\/product_tag?post=5610"}],"curies":[{"name":"wp","href":"https:\/\/api.w.org\/{rel}","templated":true}]}}