{"id":5611,"date":"2023-07-21T16:21:01","date_gmt":"2023-07-21T13:21:01","guid":{"rendered":"https:\/\/revealing-project.eu\/product\/playcanvas\/"},"modified":"2023-07-21T16:21:02","modified_gmt":"2023-07-21T13:21:02","slug":"playcanvas","status":"publish","type":"product","link":"https:\/\/revealing-project.eu\/de\/produkt\/playcanvas\/","title":{"rendered":"PlayCanvas"},"content":{"rendered":"<p>PlayCanvas ist eine webbasierte Spieleentwicklungsplattform, die es den Nutzern erm\u00f6glicht, 2D- und 3D-Spiele f\u00fcr das Web und mobile Ger\u00e4te zu erstellen und zu ver\u00f6ffentlichen. Die Nutzer k\u00f6nnen Spiele mit einem leistungsstarken, browserbasierten Editor erstellen, der die Zusammenarbeit in Echtzeit unterst\u00fctzt und die gemeinsame Nutzung und das Testen von Spielprototypen erleichtert. Die Plattform bietet eine Vielzahl von Tools zum Erstellen und Animieren von 2D- und 3D-Assets, zum Skripten von Spiellogik und zum Optimieren der Spielleistung. PlayCanvas enth\u00e4lt auch eine Physik-Engine und eine breite Palette von APIs f\u00fcr die Integration von Spielfunktionen wie Multiplayer-Netzwerke, Audio und Eingabeverarbeitung.<\/p>\n","protected":false},"excerpt":{"rendered":"<p><a class=\"linkbutton\" href=\"https:\/\/playcanvas.com\/\"target=_blank rel=\"noopener\">Website<\/a><\/p>\n","protected":false},"featured_media":4265,"template":"","meta":[],"product_cat":[230],"product_tag":[],"_links":{"self":[{"href":"https:\/\/revealing-project.eu\/de\/wp-json\/wp\/v2\/product\/5611"}],"collection":[{"href":"https:\/\/revealing-project.eu\/de\/wp-json\/wp\/v2\/product"}],"about":[{"href":"https:\/\/revealing-project.eu\/de\/wp-json\/wp\/v2\/types\/product"}],"wp:featuredmedia":[{"embeddable":true,"href":"https:\/\/revealing-project.eu\/de\/wp-json\/wp\/v2\/media\/4265"}],"wp:attachment":[{"href":"https:\/\/revealing-project.eu\/de\/wp-json\/wp\/v2\/media?parent=5611"}],"wp:term":[{"taxonomy":"product_cat","embeddable":true,"href":"https:\/\/revealing-project.eu\/de\/wp-json\/wp\/v2\/product_cat?post=5611"},{"taxonomy":"product_tag","embeddable":true,"href":"https:\/\/revealing-project.eu\/de\/wp-json\/wp\/v2\/product_tag?post=5611"}],"curies":[{"name":"wp","href":"https:\/\/api.w.org\/{rel}","templated":true}]}}