{"id":5612,"date":"2023-07-21T16:21:01","date_gmt":"2023-07-21T13:21:01","guid":{"rendered":"https:\/\/revealing-project.eu\/product\/janusvr\/"},"modified":"2023-07-21T16:21:02","modified_gmt":"2023-07-21T13:21:02","slug":"janusvr","status":"publish","type":"product","link":"https:\/\/revealing-project.eu\/de\/produkt\/janusvr\/","title":{"rendered":"JanusVR"},"content":{"rendered":"<p>JanusVR erm\u00f6glicht es Benutzern, virtuelle R\u00e4ume in Echtzeit zu bauen, zu erforschen und zu teilen, ohne dass daf\u00fcr spezielle Software oder Hardware ben\u00f6tigt wird. Es bietet eine Vielzahl von Werkzeugen f\u00fcr die Erstellung virtueller Welten, einschlie\u00dflich einer 3D-Modellierungsschnittstelle, einer Skripting-Engine und einer Objektbibliothek. Benutzer k\u00f6nnen interaktive Objekte erstellen, komplexe Verhaltensweisen programmieren und ihre eigenen virtuellen Umgebungen von Grund auf entwerfen oder bestehende 3D-Modelle aus anderer Software importieren. Einmal erstellte virtuelle Welten k\u00f6nnen \u00fcber das JanusVR-Netzwerk mit anderen geteilt werden, was eine Interaktion und Zusammenarbeit in Echtzeit erm\u00f6glicht.<\/p>\n","protected":false},"excerpt":{"rendered":"<p><a class=\"linkbutton\" href=\"https:\/\/www.janusvr.com\/\"target=_blank rel=\"noopener\">Website<\/a><\/p>\n","protected":false},"featured_media":4195,"template":"","meta":[],"product_cat":[230],"product_tag":[],"_links":{"self":[{"href":"https:\/\/revealing-project.eu\/de\/wp-json\/wp\/v2\/product\/5612"}],"collection":[{"href":"https:\/\/revealing-project.eu\/de\/wp-json\/wp\/v2\/product"}],"about":[{"href":"https:\/\/revealing-project.eu\/de\/wp-json\/wp\/v2\/types\/product"}],"wp:featuredmedia":[{"embeddable":true,"href":"https:\/\/revealing-project.eu\/de\/wp-json\/wp\/v2\/media\/4195"}],"wp:attachment":[{"href":"https:\/\/revealing-project.eu\/de\/wp-json\/wp\/v2\/media?parent=5612"}],"wp:term":[{"taxonomy":"product_cat","embeddable":true,"href":"https:\/\/revealing-project.eu\/de\/wp-json\/wp\/v2\/product_cat?post=5612"},{"taxonomy":"product_tag","embeddable":true,"href":"https:\/\/revealing-project.eu\/de\/wp-json\/wp\/v2\/product_tag?post=5612"}],"curies":[{"name":"wp","href":"https:\/\/api.w.org\/{rel}","templated":true}]}}