{"id":5613,"date":"2023-07-21T16:21:01","date_gmt":"2023-07-21T13:21:01","guid":{"rendered":"https:\/\/revealing-project.eu\/product\/webvr-notepad\/"},"modified":"2023-07-21T16:21:02","modified_gmt":"2023-07-21T13:21:02","slug":"webvr-notepad","status":"publish","type":"product","link":"https:\/\/revealing-project.eu\/de\/produkt\/webvr-notepad\/","title":{"rendered":"WebVR Notepad"},"content":{"rendered":"<p>Mit WebVR Notepad k\u00f6nnen Benutzer grundlegende VR-Szenen mit einem Texteditor erstellen und betrachten. Es ist so konzipiert, dass es auch f\u00fcr Benutzer mit begrenzten Programmier- oder technischen Kenntnissen einfach zu bedienen ist. Die Benutzer k\u00f6nnen VR-Szenen mit einer einfachen, HTML-\u00e4hnlichen Syntax erstellen und bearbeiten. Das Tool unterst\u00fctzt grundlegende Formen und Primitive, sowie Texturen, Farben und Beleuchtung.  WebVR Notepad ist ein Open-Source-Tool und der Quellcode ist auf GitHub verf\u00fcgbar, so dass die Benutzer ihn ver\u00e4ndern und verbessern k\u00f6nnen.<\/p>\n","protected":false},"excerpt":{"rendered":"<p><a class=\"linkbutton\" href=\"https:\/\/webvr.info\/\"target=_blank rel=\"noopener\">Website<\/a><\/p>\n","protected":false},"featured_media":4400,"template":"","meta":[],"product_cat":[230],"product_tag":[],"_links":{"self":[{"href":"https:\/\/revealing-project.eu\/de\/wp-json\/wp\/v2\/product\/5613"}],"collection":[{"href":"https:\/\/revealing-project.eu\/de\/wp-json\/wp\/v2\/product"}],"about":[{"href":"https:\/\/revealing-project.eu\/de\/wp-json\/wp\/v2\/types\/product"}],"wp:featuredmedia":[{"embeddable":true,"href":"https:\/\/revealing-project.eu\/de\/wp-json\/wp\/v2\/media\/4400"}],"wp:attachment":[{"href":"https:\/\/revealing-project.eu\/de\/wp-json\/wp\/v2\/media?parent=5613"}],"wp:term":[{"taxonomy":"product_cat","embeddable":true,"href":"https:\/\/revealing-project.eu\/de\/wp-json\/wp\/v2\/product_cat?post=5613"},{"taxonomy":"product_tag","embeddable":true,"href":"https:\/\/revealing-project.eu\/de\/wp-json\/wp\/v2\/product_tag?post=5613"}],"curies":[{"name":"wp","href":"https:\/\/api.w.org\/{rel}","templated":true}]}}