{"id":5614,"date":"2023-07-21T16:21:01","date_gmt":"2023-07-21T13:21:01","guid":{"rendered":"https:\/\/revealing-project.eu\/product\/vizorvr\/"},"modified":"2023-07-21T16:21:03","modified_gmt":"2023-07-21T13:21:03","slug":"vizorvr","status":"publish","type":"product","link":"https:\/\/revealing-project.eu\/de\/produkt\/vizorvr\/","title":{"rendered":"VizorVR"},"content":{"rendered":"<p>VizorVR ist ein Tool zur Bearbeitung und Erstellung von WebVR. Sie k\u00f6nnen Erlebnisse gemeinsam mit einem Freund bearbeiten (wie bei Google Docs) und es erm\u00f6glicht die Erstellung digitaler Welten. Es bietet viele Optionen f\u00fcr Interaktivit\u00e4t und Effekte.<\/p>\n","protected":false},"excerpt":{"rendered":"<p><a class=\"linkbutton\" href=\"https:\/\/site.vizor.io\/\"target=_blank rel=\"noopener\">Website<\/a><\/p>\n","protected":false},"featured_media":4380,"template":"","meta":[],"product_cat":[230],"product_tag":[],"_links":{"self":[{"href":"https:\/\/revealing-project.eu\/de\/wp-json\/wp\/v2\/product\/5614"}],"collection":[{"href":"https:\/\/revealing-project.eu\/de\/wp-json\/wp\/v2\/product"}],"about":[{"href":"https:\/\/revealing-project.eu\/de\/wp-json\/wp\/v2\/types\/product"}],"wp:featuredmedia":[{"embeddable":true,"href":"https:\/\/revealing-project.eu\/de\/wp-json\/wp\/v2\/media\/4380"}],"wp:attachment":[{"href":"https:\/\/revealing-project.eu\/de\/wp-json\/wp\/v2\/media?parent=5614"}],"wp:term":[{"taxonomy":"product_cat","embeddable":true,"href":"https:\/\/revealing-project.eu\/de\/wp-json\/wp\/v2\/product_cat?post=5614"},{"taxonomy":"product_tag","embeddable":true,"href":"https:\/\/revealing-project.eu\/de\/wp-json\/wp\/v2\/product_tag?post=5614"}],"curies":[{"name":"wp","href":"https:\/\/api.w.org\/{rel}","templated":true}]}}