{"id":5619,"date":"2023-07-21T16:21:01","date_gmt":"2023-07-21T13:21:01","guid":{"rendered":"https:\/\/revealing-project.eu\/product\/tinkercad\/"},"modified":"2023-07-21T16:21:04","modified_gmt":"2023-07-21T13:21:04","slug":"tinkercad","status":"publish","type":"product","link":"https:\/\/revealing-project.eu\/de\/produkt\/tinkercad\/","title":{"rendered":"Tinkercad"},"content":{"rendered":"<p>Tinkercad ist ein kostenloses Online-3D-Modellierungsprogramm, das in einem Webbrowser l\u00e4uft. Seit es 2011 auf den Markt kam, hat es sich zu einer beliebten Plattform f\u00fcr die Erstellung von Modellen f\u00fcr den 3D-Druck sowie als Einstieg in die konstruktive Festk\u00f6rpergeometrie in Schulen entwickelt.<\/p>\n","protected":false},"excerpt":{"rendered":"<p><a class=\"linkbutton\" href=\"https:\/\/www.tinkercad.com\"target=_blank rel=\"noopener\">Website<\/a><\/p>\n","protected":false},"featured_media":4345,"template":"","meta":[],"product_cat":[230],"product_tag":[],"_links":{"self":[{"href":"https:\/\/revealing-project.eu\/de\/wp-json\/wp\/v2\/product\/5619"}],"collection":[{"href":"https:\/\/revealing-project.eu\/de\/wp-json\/wp\/v2\/product"}],"about":[{"href":"https:\/\/revealing-project.eu\/de\/wp-json\/wp\/v2\/types\/product"}],"wp:featuredmedia":[{"embeddable":true,"href":"https:\/\/revealing-project.eu\/de\/wp-json\/wp\/v2\/media\/4345"}],"wp:attachment":[{"href":"https:\/\/revealing-project.eu\/de\/wp-json\/wp\/v2\/media?parent=5619"}],"wp:term":[{"taxonomy":"product_cat","embeddable":true,"href":"https:\/\/revealing-project.eu\/de\/wp-json\/wp\/v2\/product_cat?post=5619"},{"taxonomy":"product_tag","embeddable":true,"href":"https:\/\/revealing-project.eu\/de\/wp-json\/wp\/v2\/product_tag?post=5619"}],"curies":[{"name":"wp","href":"https:\/\/api.w.org\/{rel}","templated":true}]}}