{"id":5622,"date":"2023-07-21T16:21:01","date_gmt":"2023-07-21T13:21:01","guid":{"rendered":"https:\/\/revealing-project.eu\/product\/sculptgl\/"},"modified":"2023-07-21T16:21:04","modified_gmt":"2023-07-21T13:21:04","slug":"sculptgl","status":"publish","type":"product","link":"https:\/\/revealing-project.eu\/de\/produkt\/sculptgl\/","title":{"rendered":"SculptGL"},"content":{"rendered":"<p>SculptGL ist ein webbasiertes Bildhauerwerkzeug, mit dem Benutzer 3D-Modelle direkt in ihrem Webbrowser erstellen k\u00f6nnen. Es kann auf jedem Ger\u00e4t verwendet werden, das Webbrowsing unterst\u00fctzt, einschlie\u00dflich Desktops, Laptops, Tablets und Smartphones. Es erfordert keine zus\u00e4tzliche Hardware oder Software, so dass es f\u00fcr jeden mit einer Internetverbindung leicht zug\u00e4nglich ist.<\/p>\n","protected":false},"excerpt":{"rendered":"<p><a class=\"linkbutton\" href=\"https:\/\/stephaneginier.com\/sculptgl\/\"target=_blank rel=\"noopener\">Website<\/a><\/p>\n","protected":false},"featured_media":4290,"template":"","meta":[],"product_cat":[230],"product_tag":[],"_links":{"self":[{"href":"https:\/\/revealing-project.eu\/de\/wp-json\/wp\/v2\/product\/5622"}],"collection":[{"href":"https:\/\/revealing-project.eu\/de\/wp-json\/wp\/v2\/product"}],"about":[{"href":"https:\/\/revealing-project.eu\/de\/wp-json\/wp\/v2\/types\/product"}],"wp:featuredmedia":[{"embeddable":true,"href":"https:\/\/revealing-project.eu\/de\/wp-json\/wp\/v2\/media\/4290"}],"wp:attachment":[{"href":"https:\/\/revealing-project.eu\/de\/wp-json\/wp\/v2\/media?parent=5622"}],"wp:term":[{"taxonomy":"product_cat","embeddable":true,"href":"https:\/\/revealing-project.eu\/de\/wp-json\/wp\/v2\/product_cat?post=5622"},{"taxonomy":"product_tag","embeddable":true,"href":"https:\/\/revealing-project.eu\/de\/wp-json\/wp\/v2\/product_tag?post=5622"}],"curies":[{"name":"wp","href":"https:\/\/api.w.org\/{rel}","templated":true}]}}